{"id":111,"date":"2020-08-23T11:46:09","date_gmt":"2020-08-23T09:46:09","guid":{"rendered":"https:\/\/parkhotel-lippstadt.de\/?page_id=111"},"modified":"2026-02-25T09:40:18","modified_gmt":"2026-02-25T08:40:18","slug":"startseite","status":"publish","type":"page","link":"https:\/\/parkhotel-lippstadt.de\/en\/","title":{"rendered":"Home"},"content":{"rendered":"<p class=\"has-text-align-center\">Buchen Sie Direkt! Garantiert g\u00fcnstiger als alle Drittanbieter!<\/p>\n\n\n\n<div id=\"d21-quickbook\" data-d21=\"{'hasHorizontalOrientation':true}\"><\/div>\n\n\n\n<div class=\"wp-block-cover alignfull is-light is-style-top-wave\" style=\"min-height:889px;aspect-ratio:unset;\"><img loading=\"lazy\" decoding=\"async\" width=\"1772\" height=\"1181\" class=\"wp-block-cover__image-background wp-image-1399\" alt=\"\" src=\"https:\/\/parkhotel-lippstadt.de\/wp-content\/uploads\/2021\/01\/crop-0-0-1772-1181-0-17.jpg\" style=\"object-position:51% 0%\" data-object-fit=\"cover\" data-object-position=\"51% 0%\" srcset=\"https:\/\/parkhotel-lippstadt.de\/wp-content\/uploads\/2021\/01\/crop-0-0-1772-1181-0-17.jpg 1772w, https:\/\/parkhotel-lippstadt.de\/wp-content\/uploads\/2021\/01\/crop-0-0-1772-1181-0-17-300x200.jpg 300w, https:\/\/parkhotel-lippstadt.de\/wp-content\/uploads\/2021\/01\/crop-0-0-1772-1181-0-17-1024x682.jpg 1024w, https:\/\/parkhotel-lippstadt.de\/wp-content\/uploads\/2021\/01\/crop-0-0-1772-1181-0-17-768x512.jpg 768w, https:\/\/parkhotel-lippstadt.de\/wp-content\/uploads\/2021\/01\/crop-0-0-1772-1181-0-17-1536x1024.jpg 1536w, https:\/\/parkhotel-lippstadt.de\/wp-content\/uploads\/2021\/01\/crop-0-0-1772-1181-0-17-18x12.jpg 18w, https:\/\/parkhotel-lippstadt.de\/wp-content\/uploads\/2021\/01\/crop-0-0-1772-1181-0-17-1200x800.jpg 1200w, https:\/\/parkhotel-lippstadt.de\/wp-content\/uploads\/2021\/01\/crop-0-0-1772-1181-0-17-1568x1045.jpg 1568w\" sizes=\"auto, (max-width: 1772px) 100vw, 1772px\" \/><span aria-hidden=\"true\" class=\"wp-block-cover__background has-foreground-dark-background-color has-background-dim-30 has-background-dim\"><\/span><div class=\"wp-block-cover__inner-container is-layout-flow wp-block-cover-is-layout-flow\">\n<p class=\"has-text-align-center\"><\/p>\n<\/div><\/div>\n\n\n\n<hr class=\"wp-block-separator has-css-opacity\"\/>\n\n\n\n<p><\/p>\n\n\n\n<p>Das 3-Sterne Parkhotel Lippstadt liegt mitten im Herzen von Bad Waldliesborn. Es ist umgeben von der gro\u00dfen, gepflegten Parkanlage. Bei uns finden Sie Gem\u00fctlichkeit und Komfort zum fairen Preis. Ob im entspannten Urlaub oder auf Gesch\u00e4ftsreise \u2013 wir m\u00f6chten kurzum, dass Ihr Aufenthalt keine W\u00fcnsche offen l\u00e4sst. Freuen Sie sich auf die pers\u00f6nliche Atmosph\u00e4re unseres famili\u00e4r gef\u00fchrten Hauses.<\/p>\n\n\n\n<div class=\"wp-block-group\"><div class=\"wp-block-group__inner-container is-layout-flow wp-block-group-is-layout-flow\">\n<div class=\"wp-block-columns is-layout-flex wp-container-core-columns-is-layout-28f84493 wp-block-columns-is-layout-flex\">\n<div class=\"wp-block-column is-layout-flow wp-block-column-is-layout-flow\">\n<ul class=\"wp-block-list\">\n<li>Check-in is possible from 3 p.m. and our reception is open until 8 p.m. We have one for later arrivals <a href=\"https:\/\/parkhotel-lippstadt.de\/en\/check-in-check-out\/\"><strong>Self-Check-In Kiosk<\/strong><\/a>, die rund um die Uhr 24\/7 bedienbar ist.<\/li>\n\n\n\n<li>Check-out ist bis 11 Uhr.<\/li>\n\n\n\n<li>Eine Kostenfreie Stornierung ist bis 13 Uhr am Anreisetag m\u00f6glich, wenn Sie \u00fcber unsere Homepage buchen. <\/li>\n\n\n\n<li>Kostenloses uns schnelles WLAN im gesamten Hotel.<\/li>\n\n\n\n<li>Alle Zimmer sind ausgestattet mit Bad und TV.<\/li>\n\n\n\n<li>For the most part, we have <span style=\"font-family: var(--font-base, &quot;IBM Plex Sans&quot;, -apple-system, BlinkMacSystemFont, &quot;Segoe UI&quot;, &quot;Roboto&quot;, &quot;Oxygen&quot;, &quot;Ubuntu&quot;, &quot;Cantarell&quot;, &quot;Fira Sans&quot;, &quot;Droid Sans&quot;, &quot;Helvetica Neue&quot;, sans-serif);\">Rooms with a balcony.<\/span><\/li>\n\n\n\n<li>Abschlie\u00dfbarer Fahrradraum mit Ladestationen f\u00fcr E-Bikes.<\/li>\n\n\n\n<li>E-Bikes zum Verleih. <\/li>\n\n\n\n<li>Ample free parking<\/li>\n\n\n\n<li>Elevator<\/li>\n\n\n\n<li>Fr\u00fchst\u00fcck: Mo.\u2013Fr. von 6:30 &#8211; 10 Uhr; Sa.\u2013So. von 7:30 &#8211; 10:00 Uhr<\/li>\n<\/ul>\n<\/div>\n<\/div>\n\n\n\n<hr class=\"wp-block-separator has-css-opacity\"\/>\n\n\n\n<hr class=\"wp-block-separator has-css-opacity\"\/>\n\n\n\n<p><\/p>\n<\/div><\/div>\n\n\n\n<div class=\"wp-block-columns alignwide is-layout-flex wp-container-core-columns-is-layout-28f84493 wp-block-columns-is-layout-flex\">\n<div class=\"wp-block-column is-layout-flow wp-block-column-is-layout-flow\">\n<h5 class=\"wp-block-heading\"><a href=\"https:\/\/parkhotel-lippstadt.de\/en\/zimmer\/\">Our Rooms<\/a><\/h5>\n\n\n\n<figure class=\"wp-block-image size-large\"><img loading=\"lazy\" decoding=\"async\" width=\"1024\" height=\"683\" src=\"https:\/\/parkhotel-lippstadt.de\/wp-content\/uploads\/2025\/01\/3-1024x683.jpg\" alt=\"\" class=\"wp-image-9839\" srcset=\"https:\/\/parkhotel-lippstadt.de\/wp-content\/uploads\/2025\/01\/3-1024x683.jpg 1024w, https:\/\/parkhotel-lippstadt.de\/wp-content\/uploads\/2025\/01\/3-300x200.jpg 300w, https:\/\/parkhotel-lippstadt.de\/wp-content\/uploads\/2025\/01\/3-768x512.jpg 768w, https:\/\/parkhotel-lippstadt.de\/wp-content\/uploads\/2025\/01\/3-1536x1024.jpg 1536w, https:\/\/parkhotel-lippstadt.de\/wp-content\/uploads\/2025\/01\/3-2048x1365.jpg 2048w, https:\/\/parkhotel-lippstadt.de\/wp-content\/uploads\/2025\/01\/3-18x12.jpg 18w, https:\/\/parkhotel-lippstadt.de\/wp-content\/uploads\/2025\/01\/3-1568x1045.jpg 1568w\" sizes=\"auto, (max-width: 1024px) 100vw, 1024px\" \/><\/figure>\n\n\n\n<p>Our rooms will pamper you with all the amenities you will need to enjoy your vacation or business trip.<br><\/p>\n<\/div>\n\n\n\n<div class=\"wp-block-column is-layout-flow wp-block-column-is-layout-flow\">\n<h5 class=\"wp-block-heading\"><a href=\"https:\/\/parkhotel-lippstadt.de\/en\/restaurant\/\">Gastronomy<\/a><\/h5>\n\n\n\n<div class=\"wp-block-columns is-layout-flex wp-container-core-columns-is-layout-28f84493 wp-block-columns-is-layout-flex\">\n<div class=\"wp-block-column is-vertically-aligned-top is-layout-flow wp-block-column-is-layout-flow\" style=\"flex-basis:100%\">\n<div class=\"wp-block-columns is-layout-flex wp-container-core-columns-is-layout-28f84493 wp-block-columns-is-layout-flex\">\n<div class=\"wp-block-column is-vertically-aligned-bottom is-layout-flow wp-block-column-is-layout-flow\" style=\"flex-basis:100%\">\n<figure class=\"wp-block-image size-full\"><img loading=\"lazy\" decoding=\"async\" width=\"1024\" height=\"1024\" src=\"https:\/\/parkhotel-lippstadt.de\/wp-content\/uploads\/2026\/02\/Neri-1.jpg\" alt=\"\" class=\"wp-image-15105\" srcset=\"https:\/\/parkhotel-lippstadt.de\/wp-content\/uploads\/2026\/02\/Neri-1.jpg 1024w, https:\/\/parkhotel-lippstadt.de\/wp-content\/uploads\/2026\/02\/Neri-1-300x300.jpg 300w, https:\/\/parkhotel-lippstadt.de\/wp-content\/uploads\/2026\/02\/Neri-1-150x150.jpg 150w, https:\/\/parkhotel-lippstadt.de\/wp-content\/uploads\/2026\/02\/Neri-1-768x768.jpg 768w, https:\/\/parkhotel-lippstadt.de\/wp-content\/uploads\/2026\/02\/Neri-1-12x12.jpg 12w\" sizes=\"auto, (max-width: 1024px) 100vw, 1024px\" \/><\/figure>\n\n\n\n<p><strong>Bad Waldliesborn<\/strong> bietet zahlreiche sch\u00f6ne Restaurants in unmittelbarer Laufn\u00e4he der Hotels. Rund um findest du eine gute Auswahl \u2013 von regionaler K\u00fcche \u00fcber italienische Spezialit\u00e4ten bis hin zu gem\u00fctlichen Caf\u00e9s. Alles ist bequem in wenigen Minuten zu Fu\u00df erreichbar.<\/p>\n<\/div>\n<\/div>\n<\/div>\n<\/div>\n<\/div>\n\n\n\n<div class=\"wp-block-column is-layout-flow wp-block-column-is-layout-flow\">\n<h5 class=\"wp-block-heading\"><a href=\"https:\/\/parkhotel-lippstadt.de\/en\/lippstadt-und-umgebung\/\">Angebote<\/a> <\/h5>\n\n\n\n<figure class=\"wp-block-image size-full is-resized\"><img loading=\"lazy\" decoding=\"async\" width=\"1119\" height=\"689\" src=\"https:\/\/parkhotel-lippstadt.de\/wp-content\/uploads\/2023\/12\/Kalkhoff-1.b.jpg\" alt=\"\" class=\"wp-image-6743\" srcset=\"https:\/\/parkhotel-lippstadt.de\/wp-content\/uploads\/2023\/12\/Kalkhoff-1.b.jpg 1119w, https:\/\/parkhotel-lippstadt.de\/wp-content\/uploads\/2023\/12\/Kalkhoff-1.b-300x185.jpg 300w, https:\/\/parkhotel-lippstadt.de\/wp-content\/uploads\/2023\/12\/Kalkhoff-1.b-1024x631.jpg 1024w, https:\/\/parkhotel-lippstadt.de\/wp-content\/uploads\/2023\/12\/Kalkhoff-1.b-768x473.jpg 768w, https:\/\/parkhotel-lippstadt.de\/wp-content\/uploads\/2023\/12\/Kalkhoff-1.b-18x12.jpg 18w\" sizes=\"auto, (max-width: 1119px) 100vw, 1119px\" \/><\/figure>\n\n\n\n<p>Unsere E-Bikes k\u00f6nnen Sie f\u00fcr Ihren Aufenthalt jederzeit nutzen. Melden Sie sich bitte bei unserer Rezeption, um die Verf\u00fcgbarkeit zur pr\u00fcfen. <\/p>\n<\/div>\n<\/div>\n\n\n\n<div class=\"wp-block-group alignfull has-foreground-dark-background-color has-background\"><div class=\"wp-block-group__inner-container is-layout-flow wp-block-group-is-layout-flow\">\n<div class=\"wp-block-columns alignwide is-layout-flex wp-container-core-columns-is-layout-28f84493 wp-block-columns-is-layout-flex\">\n<div class=\"wp-block-column is-layout-flow wp-block-column-is-layout-flow\">\n<h5 class=\"wp-block-heading\">Contact us<\/h5>\n\n\n\n<p>info@parkhotel-lippstadt.de<\/p>\n\n\n\n<p>Tel: 02941 8820<\/p>\n\n\n\n<p>Fax: 02941 88240<\/p>\n<\/div>\n\n\n\n<div class=\"wp-block-column is-layout-flow wp-block-column-is-layout-flow\">\n<h5 class=\"wp-block-heading\">Visit us<\/h5>\n\n\n\n<p>Im Kreuzkamp 10<br>59556 Lippstadt (Bad Waldliesborn)<br>Deutschland<\/p>\n\n\n\n<p><a href=\"https:\/\/parkhotel-lippstadt.de\/en\/contact\/\" data-type=\"page\" data-id=\"8\">Directions<\/a><\/p>\n<\/div>\n<\/div>\n\n\n\n<p><\/p>\n<\/div><\/div>\n\n\n\n<p><\/p>","protected":false},"excerpt":{"rendered":"<p>Buchen Sie Direkt! Garantiert g\u00fcnstiger als alle Drittanbieter! Das 3-Sterne Parkhotel Lippstadt liegt mitten im Herzen von Bad Waldliesborn. Es ist umgeben von der gro\u00dfen, gepflegten Parkanlage. Bei uns finden Sie Gem\u00fctlichkeit und Komfort zum fairen Preis. Ob im entspannten Urlaub oder auf Gesch\u00e4ftsreise \u2013 wir m\u00f6chten kurzum, dass Ihr Aufenthalt keine W\u00fcnsche offen l\u00e4sst.<a class=\"more-link\" href=\"https:\/\/parkhotel-lippstadt.de\/en\/\">Continue reading <span class=\"screen-reader-text\">&#8222;Startseite&#8220;<\/span><\/a><\/p>","protected":false},"author":2,"featured_media":703,"parent":116,"menu_order":0,"comment_status":"closed","ping_status":"closed","template":"","meta":{"_coblocks_attr":"","_coblocks_dimensions":"","_coblocks_responsive_height":"","_coblocks_accordion_ie_support":"","footnotes":""},"class_list":["post-111","page","type-page","status-publish","has-post-thumbnail","hentry","entry"],"yoast_head":"<!-- This site is optimized with the Yoast SEO plugin v27.4 - https:\/\/yoast.com\/product\/yoast-seo-wordpress\/ -->\n<title>Parkhotel Lippstadt &gt; 3 Sterne Hotel in Bad Waldliesborn<\/title>\n<meta name=\"description\" content=\"Unser familiengef\u00fchrtes Hotel liegt im Herzen von Bad Waldliesborn am Kurpark. Kostenfreie Parkpl\u00e4tze und W-LAN. Direkt online buchen.\" \/>\n<meta name=\"robots\" content=\"index, follow, max-snippet:-1, max-image-preview:large, max-video-preview:-1\" \/>\n<link rel=\"canonical\" href=\"https:\/\/parkhotel-lippstadt.de\/en\/\" \/>\n<meta property=\"og:locale\" content=\"en_US\" \/>\n<meta property=\"og:type\" content=\"article\" \/>\n<meta property=\"og:title\" content=\"Parkhotel Lippstadt &gt; 3 Sterne Hotel in Bad Waldliesborn\" \/>\n<meta property=\"og:description\" content=\"Unser familiengef\u00fchrtes Hotel liegt im Herzen von Bad Waldliesborn am Kurpark. Kostenfreie Parkpl\u00e4tze und W-LAN. Direkt online buchen.\" \/>\n<meta property=\"og:url\" content=\"https:\/\/parkhotel-lippstadt.de\/en\/\" \/>\n<meta property=\"article:modified_time\" content=\"2026-02-25T08:40:18+00:00\" \/>\n<meta property=\"og:image\" content=\"https:\/\/parkhotel-lippstadt.de\/wp-content\/uploads\/2021\/01\/17.jpg\" \/>\n\t<meta property=\"og:image:width\" content=\"1772\" \/>\n\t<meta property=\"og:image:height\" content=\"1181\" \/>\n\t<meta property=\"og:image:type\" content=\"image\/jpeg\" \/>\n<meta name=\"twitter:card\" content=\"summary_large_image\" \/>\n<meta name=\"twitter:label1\" content=\"Est. reading time\" \/>\n\t<meta name=\"twitter:data1\" content=\"3 minutes\" \/>\n<script type=\"application\/ld+json\" class=\"yoast-schema-graph\">{\"@context\":\"https:\\\/\\\/schema.org\",\"@graph\":[{\"@type\":\"WebPage\",\"@id\":\"https:\\\/\\\/parkhotel-lippstadt.de\\\/\",\"url\":\"https:\\\/\\\/parkhotel-lippstadt.de\\\/\",\"name\":\"Parkhotel Lippstadt > 3 Sterne Hotel in Bad Waldliesborn\",\"isPartOf\":{\"@id\":\"https:\\\/\\\/parkhotel-lippstadt.de\\\/#website\"},\"primaryImageOfPage\":{\"@id\":\"https:\\\/\\\/parkhotel-lippstadt.de\\\/#primaryimage\"},\"image\":{\"@id\":\"https:\\\/\\\/parkhotel-lippstadt.de\\\/#primaryimage\"},\"thumbnailUrl\":\"https:\\\/\\\/parkhotel-lippstadt.de\\\/wp-content\\\/uploads\\\/2021\\\/01\\\/17.jpg\",\"datePublished\":\"2020-08-23T09:46:09+00:00\",\"dateModified\":\"2026-02-25T08:40:18+00:00\",\"description\":\"Unser familiengef\u00fchrtes Hotel liegt im Herzen von Bad Waldliesborn am Kurpark. Kostenfreie Parkpl\u00e4tze und W-LAN. Direkt online buchen.\",\"breadcrumb\":{\"@id\":\"https:\\\/\\\/parkhotel-lippstadt.de\\\/#breadcrumb\"},\"inLanguage\":\"en-US\",\"potentialAction\":[{\"@type\":\"ReadAction\",\"target\":[\"https:\\\/\\\/parkhotel-lippstadt.de\\\/\"]}]},{\"@type\":\"ImageObject\",\"inLanguage\":\"en-US\",\"@id\":\"https:\\\/\\\/parkhotel-lippstadt.de\\\/#primaryimage\",\"url\":\"https:\\\/\\\/parkhotel-lippstadt.de\\\/wp-content\\\/uploads\\\/2021\\\/01\\\/17.jpg\",\"contentUrl\":\"https:\\\/\\\/parkhotel-lippstadt.de\\\/wp-content\\\/uploads\\\/2021\\\/01\\\/17.jpg\",\"width\":1772,\"height\":1181},{\"@type\":\"BreadcrumbList\",\"@id\":\"https:\\\/\\\/parkhotel-lippstadt.de\\\/#breadcrumb\",\"itemListElement\":[{\"@type\":\"ListItem\",\"position\":1,\"name\":\"Startseite\",\"item\":\"https:\\\/\\\/parkhotel-lippstadt.de\\\/\"},{\"@type\":\"ListItem\",\"position\":2,\"name\":\"Impressum\",\"item\":\"https:\\\/\\\/parkhotel-lippstadt.de\\\/impressum\\\/\"},{\"@type\":\"ListItem\",\"position\":3,\"name\":\"Startseite\"}]},{\"@type\":\"WebSite\",\"@id\":\"https:\\\/\\\/parkhotel-lippstadt.de\\\/#website\",\"url\":\"https:\\\/\\\/parkhotel-lippstadt.de\\\/\",\"name\":\"\",\"description\":\"\",\"potentialAction\":[{\"@type\":\"SearchAction\",\"target\":{\"@type\":\"EntryPoint\",\"urlTemplate\":\"https:\\\/\\\/parkhotel-lippstadt.de\\\/?s={search_term_string}\"},\"query-input\":{\"@type\":\"PropertyValueSpecification\",\"valueRequired\":true,\"valueName\":\"search_term_string\"}}],\"inLanguage\":\"en-US\"}]}<\/script>\n<!-- \/ Yoast SEO plugin. -->","yoast_head_json":{"title":"Parkhotel Lippstadt > 3 Sterne Hotel in Bad Waldliesborn","description":"Unser familiengef\u00fchrtes Hotel liegt im Herzen von Bad Waldliesborn am Kurpark. Kostenfreie Parkpl\u00e4tze und W-LAN. Direkt online buchen.","robots":{"index":"index","follow":"follow","max-snippet":"max-snippet:-1","max-image-preview":"max-image-preview:large","max-video-preview":"max-video-preview:-1"},"canonical":"https:\/\/parkhotel-lippstadt.de\/en\/","og_locale":"en_US","og_type":"article","og_title":"Parkhotel Lippstadt > 3 Sterne Hotel in Bad Waldliesborn","og_description":"Unser familiengef\u00fchrtes Hotel liegt im Herzen von Bad Waldliesborn am Kurpark. Kostenfreie Parkpl\u00e4tze und W-LAN. Direkt online buchen.","og_url":"https:\/\/parkhotel-lippstadt.de\/en\/","article_modified_time":"2026-02-25T08:40:18+00:00","og_image":[{"width":1772,"height":1181,"url":"https:\/\/parkhotel-lippstadt.de\/wp-content\/uploads\/2021\/01\/17.jpg","type":"image\/jpeg"}],"twitter_card":"summary_large_image","twitter_misc":{"Est. reading time":"3 minutes"},"schema":{"@context":"https:\/\/schema.org","@graph":[{"@type":"WebPage","@id":"https:\/\/parkhotel-lippstadt.de\/","url":"https:\/\/parkhotel-lippstadt.de\/","name":"Parkhotel Lippstadt > 3 Sterne Hotel in Bad Waldliesborn","isPartOf":{"@id":"https:\/\/parkhotel-lippstadt.de\/#website"},"primaryImageOfPage":{"@id":"https:\/\/parkhotel-lippstadt.de\/#primaryimage"},"image":{"@id":"https:\/\/parkhotel-lippstadt.de\/#primaryimage"},"thumbnailUrl":"https:\/\/parkhotel-lippstadt.de\/wp-content\/uploads\/2021\/01\/17.jpg","datePublished":"2020-08-23T09:46:09+00:00","dateModified":"2026-02-25T08:40:18+00:00","description":"Unser familiengef\u00fchrtes Hotel liegt im Herzen von Bad Waldliesborn am Kurpark. Kostenfreie Parkpl\u00e4tze und W-LAN. Direkt online buchen.","breadcrumb":{"@id":"https:\/\/parkhotel-lippstadt.de\/#breadcrumb"},"inLanguage":"en-US","potentialAction":[{"@type":"ReadAction","target":["https:\/\/parkhotel-lippstadt.de\/"]}]},{"@type":"ImageObject","inLanguage":"en-US","@id":"https:\/\/parkhotel-lippstadt.de\/#primaryimage","url":"https:\/\/parkhotel-lippstadt.de\/wp-content\/uploads\/2021\/01\/17.jpg","contentUrl":"https:\/\/parkhotel-lippstadt.de\/wp-content\/uploads\/2021\/01\/17.jpg","width":1772,"height":1181},{"@type":"BreadcrumbList","@id":"https:\/\/parkhotel-lippstadt.de\/#breadcrumb","itemListElement":[{"@type":"ListItem","position":1,"name":"Startseite","item":"https:\/\/parkhotel-lippstadt.de\/"},{"@type":"ListItem","position":2,"name":"Impressum","item":"https:\/\/parkhotel-lippstadt.de\/impressum\/"},{"@type":"ListItem","position":3,"name":"Startseite"}]},{"@type":"WebSite","@id":"https:\/\/parkhotel-lippstadt.de\/#website","url":"https:\/\/parkhotel-lippstadt.de\/","name":"","description":"","potentialAction":[{"@type":"SearchAction","target":{"@type":"EntryPoint","urlTemplate":"https:\/\/parkhotel-lippstadt.de\/?s={search_term_string}"},"query-input":{"@type":"PropertyValueSpecification","valueRequired":true,"valueName":"search_term_string"}}],"inLanguage":"en-US"}]}},"jetpack_sharing_enabled":true,"amp_enabled":false,"_links":{"self":[{"href":"https:\/\/parkhotel-lippstadt.de\/en\/wp-json\/wp\/v2\/pages\/111","targetHints":{"allow":["GET"]}}],"collection":[{"href":"https:\/\/parkhotel-lippstadt.de\/en\/wp-json\/wp\/v2\/pages"}],"about":[{"href":"https:\/\/parkhotel-lippstadt.de\/en\/wp-json\/wp\/v2\/types\/page"}],"author":[{"embeddable":true,"href":"https:\/\/parkhotel-lippstadt.de\/en\/wp-json\/wp\/v2\/users\/2"}],"replies":[{"embeddable":true,"href":"https:\/\/parkhotel-lippstadt.de\/en\/wp-json\/wp\/v2\/comments?post=111"}],"version-history":[{"count":78,"href":"https:\/\/parkhotel-lippstadt.de\/en\/wp-json\/wp\/v2\/pages\/111\/revisions"}],"predecessor-version":[{"id":15106,"href":"https:\/\/parkhotel-lippstadt.de\/en\/wp-json\/wp\/v2\/pages\/111\/revisions\/15106"}],"up":[{"embeddable":true,"href":"https:\/\/parkhotel-lippstadt.de\/en\/wp-json\/wp\/v2\/pages\/116"}],"wp:featuredmedia":[{"embeddable":true,"href":"https:\/\/parkhotel-lippstadt.de\/en\/wp-json\/wp\/v2\/media\/703"}],"wp:attachment":[{"href":"https:\/\/parkhotel-lippstadt.de\/en\/wp-json\/wp\/v2\/media?parent=111"}],"curies":[{"name":"wp","href":"https:\/\/api.w.org\/{rel}","templated":true}]}}