{"id":116,"date":"2020-08-13T14:28:20","date_gmt":"2020-08-13T12:28:20","guid":{"rendered":"https:\/\/parkhotel-lippstadt.de\/?page_id=116"},"modified":"2021-07-26T17:22:37","modified_gmt":"2021-07-26T15:22:37","slug":"impressum","status":"publish","type":"page","link":"https:\/\/parkhotel-lippstadt.de\/en\/impressum\/","title":{"rendered":"Imprint"},"content":{"rendered":"<div style=\"height:64px\" aria-hidden=\"true\" class=\"wp-block-spacer\"><\/div>\n\n\n\n<div class=\"wp-block-group alignfull\"><div class=\"wp-block-group__inner-container is-layout-flow wp-block-group-is-layout-flow\">\n<div class=\"wp-block-jetpack-layout-grid alignfull column1-desktop-grid__span-3 column1-desktop-grid__start-2 column1-desktop-grid__row-1 column2-desktop-grid__span-6 column2-desktop-grid__start-6 column2-desktop-grid__row-1 column1-tablet-grid__span-3 column1-tablet-grid__row-1 column2-tablet-grid__span-5 column2-tablet-grid__start-4 column2-tablet-grid__row-1 column1-mobile-grid__span-4 column1-mobile-grid__row-1 column2-mobile-grid__span-4 column2-mobile-grid__row-2\">\n<div class=\"wp-block-jetpack-layout-grid-column wp-block-jetpack-layout-grid__padding-none\">\n<figure class=\"wp-block-image size-large is-resized is-style-circle-mask is-style-default\"><img loading=\"lazy\" decoding=\"async\" src=\"https:\/\/parkhotel-lippstadt.de\/wp-content\/uploads\/2021\/07\/Rezi-1024x768.jpg\" alt=\"\" class=\"wp-image-1115\" width=\"768\" height=\"576\" srcset=\"https:\/\/parkhotel-lippstadt.de\/wp-content\/uploads\/2021\/07\/Rezi-1024x768.jpg 1024w, https:\/\/parkhotel-lippstadt.de\/wp-content\/uploads\/2021\/07\/Rezi-300x225.jpg 300w, https:\/\/parkhotel-lippstadt.de\/wp-content\/uploads\/2021\/07\/Rezi-768x576.jpg 768w, https:\/\/parkhotel-lippstadt.de\/wp-content\/uploads\/2021\/07\/Rezi-1536x1152.jpg 1536w, https:\/\/parkhotel-lippstadt.de\/wp-content\/uploads\/2021\/07\/Rezi-2048x1536.jpg 2048w, https:\/\/parkhotel-lippstadt.de\/wp-content\/uploads\/2021\/07\/Rezi-16x12.jpg 16w, https:\/\/parkhotel-lippstadt.de\/wp-content\/uploads\/2021\/07\/Rezi-1200x900.jpg 1200w, https:\/\/parkhotel-lippstadt.de\/wp-content\/uploads\/2021\/07\/Rezi-800x600.jpg 800w, https:\/\/parkhotel-lippstadt.de\/wp-content\/uploads\/2021\/07\/Rezi-400x300.jpg 400w, https:\/\/parkhotel-lippstadt.de\/wp-content\/uploads\/2021\/07\/Rezi-200x150.jpg 200w, https:\/\/parkhotel-lippstadt.de\/wp-content\/uploads\/2021\/07\/Rezi-1568x1176.jpg 1568w\" sizes=\"auto, (max-width: 768px) 100vw, 768px\" \/><\/figure>\n<\/div>\n\n\n\n<div class=\"wp-block-jetpack-layout-grid-column wp-block-jetpack-layout-grid__padding-none\">\n<h3 class=\"wp-block-heading\">Angaben gem\u00e4\u00df \u00a7 5 TMG:<\/h3>\n\n\n\n<p>Parkhotel Lippstadt<\/p>\n\n\n\n<p>Im Kreuzkamp 10<br>59556 Lippstadt, OT: Bad Waldliesborn<\/p>\n\n\n\n<p><strong>Vertreten durch: <\/strong><\/p>\n\n\n\n<p>Hotel director: Eric Vissepo<\/p>\n\n\n\n<p><strong>Kontakt<\/strong><\/p>\n\n\n\n<p>Tel: (02941) 882-0<br>Fax: (02941) 882-40<\/p>\n\n\n\n<p>E-Mail: info@parkhotel-lippstadt.de<\/p>\n\n\n\n<p>Internet: www.parkhotel-lippstadt.de<\/p>\n\n\n\n<p><strong>Aufsichtsbeh\u00f6rde: <\/strong><\/p>\n\n\n\n<p>Ordnungsamt Lippstadt<\/p>\n\n\n\n<p><strong>Umsatzsteuer-ID:<\/strong><\/p>\n\n\n\n<p>Umsatzsteuer-Identifikationsnummer gem\u00e4\u00df \u00a727 a Umsatzsteuergesetz: DE332677197<\/p>\n\n\n\n<p>Steuer-Nummer: 330\/5160\/3867<\/p>\n\n\n\n<p><strong>Streitschlichtung<\/strong><\/p>\n\n\n\n<p>Plattform zur Online-Streitbeilegung der Europ\u00e4ischen Kommission: <a href=\"http:\/\/ec.europa.eu\/consumers\/odr\/\" target=\"_blank\" rel=\"noreferrer noopener\">http:\/\/ec.europa.eu\/consumers\/odr\/<\/a><\/p>\n\n\n\n<p><strong>Inhaltlich Verantwortlich<\/strong><\/p>\n\n\n\n<p>Responsible for content according to \u00a7 6 MDStV:<br>Eric Vissepo<\/p>\n\n\n\n<p><\/p>\n\n\n\n<h2 class=\"wp-block-heading\">Disclaimer of liability<\/h2>\n\n\n\n<p class=\"translation-block\">Despite careful content control, we assume no liability for the content of external links.\nThe operators of the linked pages are solely responsible for their content.<\/p>\n\n\n\n<p class=\"margin-bottom-none\"><\/p>\n<\/div>\n<\/div>\n\n\n\n<p><\/p>\n<\/div><\/div>\n\n\n\n<p><\/p>","protected":false},"excerpt":{"rendered":"<p>Angaben gem\u00e4\u00df \u00a7 5 TMG: Parkhotel Lippstadt Im Kreuzkamp 1059556 Lippstadt, OT: Bad Waldliesborn Vertreten durch: Gesch\u00e4ftsf\u00fchrer: Eric Vissepo Kontakt Tel: (02941) 882-0Fax: (02941) 882-40 E-Mail: info@parkhotel-lippstadt.de Internet: www.parkhotel-lippstadt.de Aufsichtsbeh\u00f6rde: Ordnungsamt Lippstadt Umsatzsteuer-ID: Umsatzsteuer-Identifikationsnummer gem\u00e4\u00df \u00a727 a Umsatzsteuergesetz: DE332677197 Steuer-Nummer: 330\/5160\/3867 Streitschlichtung Plattform zur Online-Streitbeilegung der Europ\u00e4ischen Kommission: http:\/\/ec.europa.eu\/consumers\/odr\/ Inhaltlich Verantwortlich Inhaltlich Verantwortliche gem\u00e4\u00df \u00a7<a class=\"more-link\" href=\"https:\/\/parkhotel-lippstadt.de\/en\/impressum\/\">Continue reading <span class=\"screen-reader-text\">&#8222;Impressum&#8220;<\/span><\/a><\/p>","protected":false},"author":2,"featured_media":0,"parent":0,"menu_order":0,"comment_status":"closed","ping_status":"closed","template":"","meta":{"_coblocks_attr":"","_coblocks_dimensions":"","_coblocks_responsive_height":"","_coblocks_accordion_ie_support":"","footnotes":""},"class_list":["post-116","page","type-page","status-publish","hentry","entry"],"yoast_head":"<!-- This site is optimized with the Yoast SEO plugin v27.4 - https:\/\/yoast.com\/product\/yoast-seo-wordpress\/ -->\n<title>Impressum -<\/title>\n<meta name=\"robots\" content=\"index, follow, max-snippet:-1, max-image-preview:large, max-video-preview:-1\" \/>\n<link rel=\"canonical\" href=\"https:\/\/parkhotel-lippstadt.de\/en\/impressum\/\" \/>\n<meta property=\"og:locale\" content=\"en_US\" \/>\n<meta property=\"og:type\" content=\"article\" \/>\n<meta property=\"og:title\" content=\"Impressum -\" \/>\n<meta property=\"og:description\" content=\"Angaben gem\u00e4\u00df \u00a7 5 TMG: Parkhotel Lippstadt Im Kreuzkamp 1059556 Lippstadt, OT: Bad Waldliesborn Vertreten durch: Gesch\u00e4ftsf\u00fchrer: Eric Vissepo Kontakt Tel: (02941) 882-0Fax: (02941) 882-40 E-Mail: info@parkhotel-lippstadt.de Internet: www.parkhotel-lippstadt.de Aufsichtsbeh\u00f6rde: Ordnungsamt Lippstadt Umsatzsteuer-ID: Umsatzsteuer-Identifikationsnummer gem\u00e4\u00df \u00a727 a Umsatzsteuergesetz: DE332677197 Steuer-Nummer: 330\/5160\/3867 Streitschlichtung Plattform zur Online-Streitbeilegung der Europ\u00e4ischen Kommission: http:\/\/ec.europa.eu\/consumers\/odr\/ Inhaltlich Verantwortlich Inhaltlich Verantwortliche gem\u00e4\u00df \u00a7Continue reading &quot;Impressum&quot;\" \/>\n<meta property=\"og:url\" content=\"https:\/\/parkhotel-lippstadt.de\/en\/impressum\/\" \/>\n<meta property=\"article:modified_time\" content=\"2021-07-26T15:22:37+00:00\" \/>\n<meta property=\"og:image\" content=\"https:\/\/parkhotel-lippstadt.de\/wp-content\/uploads\/2021\/07\/Rezi-1024x768.jpg\" \/>\n<meta name=\"twitter:card\" content=\"summary_large_image\" \/>\n<meta name=\"twitter:label1\" content=\"Est. reading time\" \/>\n\t<meta name=\"twitter:data1\" content=\"1 minute\" \/>\n<script type=\"application\/ld+json\" class=\"yoast-schema-graph\">{\"@context\":\"https:\\\/\\\/schema.org\",\"@graph\":[{\"@type\":\"WebPage\",\"@id\":\"https:\\\/\\\/parkhotel-lippstadt.de\\\/impressum\\\/\",\"url\":\"https:\\\/\\\/parkhotel-lippstadt.de\\\/impressum\\\/\",\"name\":\"Impressum -\",\"isPartOf\":{\"@id\":\"https:\\\/\\\/parkhotel-lippstadt.de\\\/#website\"},\"primaryImageOfPage\":{\"@id\":\"https:\\\/\\\/parkhotel-lippstadt.de\\\/impressum\\\/#primaryimage\"},\"image\":{\"@id\":\"https:\\\/\\\/parkhotel-lippstadt.de\\\/impressum\\\/#primaryimage\"},\"thumbnailUrl\":\"https:\\\/\\\/parkhotel-lippstadt.de\\\/wp-content\\\/uploads\\\/2021\\\/07\\\/Rezi-1024x768.jpg\",\"datePublished\":\"2020-08-13T12:28:20+00:00\",\"dateModified\":\"2021-07-26T15:22:37+00:00\",\"breadcrumb\":{\"@id\":\"https:\\\/\\\/parkhotel-lippstadt.de\\\/impressum\\\/#breadcrumb\"},\"inLanguage\":\"en-US\",\"potentialAction\":[{\"@type\":\"ReadAction\",\"target\":[\"https:\\\/\\\/parkhotel-lippstadt.de\\\/impressum\\\/\"]}]},{\"@type\":\"ImageObject\",\"inLanguage\":\"en-US\",\"@id\":\"https:\\\/\\\/parkhotel-lippstadt.de\\\/impressum\\\/#primaryimage\",\"url\":\"https:\\\/\\\/parkhotel-lippstadt.de\\\/wp-content\\\/uploads\\\/2021\\\/07\\\/Rezi-1024x768.jpg\",\"contentUrl\":\"https:\\\/\\\/parkhotel-lippstadt.de\\\/wp-content\\\/uploads\\\/2021\\\/07\\\/Rezi-1024x768.jpg\"},{\"@type\":\"BreadcrumbList\",\"@id\":\"https:\\\/\\\/parkhotel-lippstadt.de\\\/impressum\\\/#breadcrumb\",\"itemListElement\":[{\"@type\":\"ListItem\",\"position\":1,\"name\":\"Startseite\",\"item\":\"https:\\\/\\\/parkhotel-lippstadt.de\\\/\"},{\"@type\":\"ListItem\",\"position\":2,\"name\":\"Impressum\"}]},{\"@type\":\"WebSite\",\"@id\":\"https:\\\/\\\/parkhotel-lippstadt.de\\\/#website\",\"url\":\"https:\\\/\\\/parkhotel-lippstadt.de\\\/\",\"name\":\"\",\"description\":\"\",\"potentialAction\":[{\"@type\":\"SearchAction\",\"target\":{\"@type\":\"EntryPoint\",\"urlTemplate\":\"https:\\\/\\\/parkhotel-lippstadt.de\\\/?s={search_term_string}\"},\"query-input\":{\"@type\":\"PropertyValueSpecification\",\"valueRequired\":true,\"valueName\":\"search_term_string\"}}],\"inLanguage\":\"en-US\"}]}<\/script>\n<!-- \/ Yoast SEO plugin. -->","yoast_head_json":{"title":"Impressum -","robots":{"index":"index","follow":"follow","max-snippet":"max-snippet:-1","max-image-preview":"max-image-preview:large","max-video-preview":"max-video-preview:-1"},"canonical":"https:\/\/parkhotel-lippstadt.de\/en\/impressum\/","og_locale":"en_US","og_type":"article","og_title":"Impressum -","og_description":"Angaben gem\u00e4\u00df \u00a7 5 TMG: Parkhotel Lippstadt Im Kreuzkamp 1059556 Lippstadt, OT: Bad Waldliesborn Vertreten durch: Gesch\u00e4ftsf\u00fchrer: Eric Vissepo Kontakt Tel: (02941) 882-0Fax: (02941) 882-40 E-Mail: info@parkhotel-lippstadt.de Internet: www.parkhotel-lippstadt.de Aufsichtsbeh\u00f6rde: Ordnungsamt Lippstadt Umsatzsteuer-ID: Umsatzsteuer-Identifikationsnummer gem\u00e4\u00df \u00a727 a Umsatzsteuergesetz: DE332677197 Steuer-Nummer: 330\/5160\/3867 Streitschlichtung Plattform zur Online-Streitbeilegung der Europ\u00e4ischen Kommission: http:\/\/ec.europa.eu\/consumers\/odr\/ Inhaltlich Verantwortlich Inhaltlich Verantwortliche gem\u00e4\u00df \u00a7Continue reading \"Impressum\"","og_url":"https:\/\/parkhotel-lippstadt.de\/en\/impressum\/","article_modified_time":"2021-07-26T15:22:37+00:00","og_image":[{"url":"https:\/\/parkhotel-lippstadt.de\/wp-content\/uploads\/2021\/07\/Rezi-1024x768.jpg","type":"","width":"","height":""}],"twitter_card":"summary_large_image","twitter_misc":{"Est. reading time":"1 minute"},"schema":{"@context":"https:\/\/schema.org","@graph":[{"@type":"WebPage","@id":"https:\/\/parkhotel-lippstadt.de\/impressum\/","url":"https:\/\/parkhotel-lippstadt.de\/impressum\/","name":"Impressum -","isPartOf":{"@id":"https:\/\/parkhotel-lippstadt.de\/#website"},"primaryImageOfPage":{"@id":"https:\/\/parkhotel-lippstadt.de\/impressum\/#primaryimage"},"image":{"@id":"https:\/\/parkhotel-lippstadt.de\/impressum\/#primaryimage"},"thumbnailUrl":"https:\/\/parkhotel-lippstadt.de\/wp-content\/uploads\/2021\/07\/Rezi-1024x768.jpg","datePublished":"2020-08-13T12:28:20+00:00","dateModified":"2021-07-26T15:22:37+00:00","breadcrumb":{"@id":"https:\/\/parkhotel-lippstadt.de\/impressum\/#breadcrumb"},"inLanguage":"en-US","potentialAction":[{"@type":"ReadAction","target":["https:\/\/parkhotel-lippstadt.de\/impressum\/"]}]},{"@type":"ImageObject","inLanguage":"en-US","@id":"https:\/\/parkhotel-lippstadt.de\/impressum\/#primaryimage","url":"https:\/\/parkhotel-lippstadt.de\/wp-content\/uploads\/2021\/07\/Rezi-1024x768.jpg","contentUrl":"https:\/\/parkhotel-lippstadt.de\/wp-content\/uploads\/2021\/07\/Rezi-1024x768.jpg"},{"@type":"BreadcrumbList","@id":"https:\/\/parkhotel-lippstadt.de\/impressum\/#breadcrumb","itemListElement":[{"@type":"ListItem","position":1,"name":"Startseite","item":"https:\/\/parkhotel-lippstadt.de\/"},{"@type":"ListItem","position":2,"name":"Impressum"}]},{"@type":"WebSite","@id":"https:\/\/parkhotel-lippstadt.de\/#website","url":"https:\/\/parkhotel-lippstadt.de\/","name":"","description":"","potentialAction":[{"@type":"SearchAction","target":{"@type":"EntryPoint","urlTemplate":"https:\/\/parkhotel-lippstadt.de\/?s={search_term_string}"},"query-input":{"@type":"PropertyValueSpecification","valueRequired":true,"valueName":"search_term_string"}}],"inLanguage":"en-US"}]}},"jetpack_sharing_enabled":true,"amp_enabled":true,"_links":{"self":[{"href":"https:\/\/parkhotel-lippstadt.de\/en\/wp-json\/wp\/v2\/pages\/116","targetHints":{"allow":["GET"]}}],"collection":[{"href":"https:\/\/parkhotel-lippstadt.de\/en\/wp-json\/wp\/v2\/pages"}],"about":[{"href":"https:\/\/parkhotel-lippstadt.de\/en\/wp-json\/wp\/v2\/types\/page"}],"author":[{"embeddable":true,"href":"https:\/\/parkhotel-lippstadt.de\/en\/wp-json\/wp\/v2\/users\/2"}],"replies":[{"embeddable":true,"href":"https:\/\/parkhotel-lippstadt.de\/en\/wp-json\/wp\/v2\/comments?post=116"}],"version-history":[{"count":8,"href":"https:\/\/parkhotel-lippstadt.de\/en\/wp-json\/wp\/v2\/pages\/116\/revisions"}],"predecessor-version":[{"id":1123,"href":"https:\/\/parkhotel-lippstadt.de\/en\/wp-json\/wp\/v2\/pages\/116\/revisions\/1123"}],"wp:attachment":[{"href":"https:\/\/parkhotel-lippstadt.de\/en\/wp-json\/wp\/v2\/media?parent=116"}],"curies":[{"name":"wp","href":"https:\/\/api.w.org\/{rel}","templated":true}]}}