{"id":117,"date":"2020-08-13T14:28:20","date_gmt":"2020-08-13T12:28:20","guid":{"rendered":"https:\/\/parkhotel-lippstadt.de\/?page_id=117"},"modified":"2020-08-13T14:28:20","modified_gmt":"2020-08-13T12:28:20","slug":"datenschutz","status":"publish","type":"page","link":"https:\/\/parkhotel-lippstadt.de\/en\/datenschutz\/","title":{"rendered":"Data privacy"},"content":{"rendered":"<p>We, the Partkhotel Lippstadt, take the protection of your personal data very seriously and strictly adhere to the rules of data protection laws. Personal data is only collected on this website to the extent that is technically necessary. Under no circumstances will the data collected be sold or passed on to third parties for other reasons.<\/p>\n\n\n\n<p>The following declaration gives you an overview of how we guarantee this protection and what type of data is collected for what purpose.<\/p>\n\n\n\n<h2 class=\"wp-block-heading\">Data processing on this website<\/h2>\n\n\n\n<p>Parkhotel Lippstadt automatically collects and stores information in its server log files that your browser transmits to us.<br><br>Those are:<\/p>\n\n\n\n<ul class=\"wp-block-list\"><li>Browser type \/ version<\/li><li>Operating system used<\/li><li>Referrer URL (the previously visited page)<\/li><li>Host name of the accessing computer (IP address)<\/li><li>Time of the server request.<\/li><\/ul>\n\n\n\n<p>Parkhotel Lippstadt cannot assign this data to specific persons. This data is not combined with other data sources; the data is also deleted after statistical analysis.<\/p>\n\n\n\n<h2 class=\"wp-block-heading\">Additional - not automatic - data processing on this website<\/h2>\n\n\n\n<p>We offer additional voluntary services on this website that save the data of the user input.<br><br>Those are:<\/p>\n\n\n\n<ul class=\"wp-block-list\"><li>Data that are explicitly entered in the contact form<\/li><\/ul>\n\n\n\n<h2 class=\"wp-block-heading\">Right of providing information<\/h2>\n\n\n\n<p class=\"translation-block\">You have the right to inform yourself about the data stored about you, its origin and recipient as well as the purpose of storage at any time. You will receive information about the stored data from us. You can contact us via any contact option from our <a href=\"https:\/\/parkhotellippstadt.wpcomstaging.com\/impressum\/\" target=\"_self\"> imprint <\/a>.<\/p>\n\n\n\n<h2 class=\"wp-block-heading\">Further information<\/h2>\n\n\n\n<p class=\"translation-block\">Your trust is important to us. We would therefore like to answer your questions about the processing of your personal data at any time. If you have any questions that this data protection declaration could not answer or if you would like more detailed information on a particular point, please contact us at any time using one of the contact options in the <a href=\"https:\/\/parkhotellippstadt.wpcomstaging.com\/impressum\/\" target=\"_ self\"> Imprint <\/a>.<\/p>","protected":false},"excerpt":{"rendered":"<p>Wir, das Partkhotel Lippstadt, nehmen den Schutz Ihrer pers\u00f6nlichen Daten sehr ernst und halten uns strikt an die Regeln der Datenschutzgesetze. Personenbezogene Daten werden auf dieser Webseite nur im technisch notwendigen Umfang erhoben. In keinem Fall werden die erhobenen Daten verkauft oder aus anderen Gr\u00fcnden an Dritte weitergegeben. Die nachfolgende Erkl\u00e4rung gibt Ihnen einen \u00dcberblick<a class=\"more-link\" href=\"https:\/\/parkhotel-lippstadt.de\/en\/datenschutz\/\">Continue reading <span class=\"screen-reader-text\">&#8222;Datenschutz&#8220;<\/span><\/a><\/p>","protected":false},"author":2,"featured_media":0,"parent":0,"menu_order":0,"comment_status":"closed","ping_status":"closed","template":"","meta":{"_coblocks_attr":"","_coblocks_dimensions":"","_coblocks_responsive_height":"","_coblocks_accordion_ie_support":"","footnotes":""},"class_list":["post-117","page","type-page","status-publish","hentry","entry"],"yoast_head":"<!-- This site is optimized with the Yoast SEO plugin v27.4 - https:\/\/yoast.com\/product\/yoast-seo-wordpress\/ -->\n<title>Datenschutz -<\/title>\n<meta name=\"robots\" content=\"index, follow, max-snippet:-1, max-image-preview:large, max-video-preview:-1\" \/>\n<link rel=\"canonical\" href=\"https:\/\/parkhotel-lippstadt.de\/en\/datenschutz\/\" \/>\n<meta property=\"og:locale\" content=\"en_US\" \/>\n<meta property=\"og:type\" content=\"article\" \/>\n<meta property=\"og:title\" content=\"Datenschutz -\" \/>\n<meta property=\"og:description\" content=\"Wir, das Partkhotel Lippstadt, nehmen den Schutz Ihrer pers\u00f6nlichen Daten sehr ernst und halten uns strikt an die Regeln der Datenschutzgesetze. Personenbezogene Daten werden auf dieser Webseite nur im technisch notwendigen Umfang erhoben. In keinem Fall werden die erhobenen Daten verkauft oder aus anderen Gr\u00fcnden an Dritte weitergegeben. Die nachfolgende Erkl\u00e4rung gibt Ihnen einen \u00dcberblickContinue reading &quot;Datenschutz&quot;\" \/>\n<meta property=\"og:url\" content=\"https:\/\/parkhotel-lippstadt.de\/en\/datenschutz\/\" \/>\n<meta name=\"twitter:card\" content=\"summary_large_image\" \/>\n<meta name=\"twitter:label1\" content=\"Est. reading time\" \/>\n\t<meta name=\"twitter:data1\" content=\"1 minute\" \/>\n<script type=\"application\/ld+json\" class=\"yoast-schema-graph\">{\"@context\":\"https:\\\/\\\/schema.org\",\"@graph\":[{\"@type\":\"WebPage\",\"@id\":\"https:\\\/\\\/parkhotel-lippstadt.de\\\/datenschutz\\\/\",\"url\":\"https:\\\/\\\/parkhotel-lippstadt.de\\\/datenschutz\\\/\",\"name\":\"Datenschutz -\",\"isPartOf\":{\"@id\":\"https:\\\/\\\/parkhotel-lippstadt.de\\\/#website\"},\"datePublished\":\"2020-08-13T12:28:20+00:00\",\"breadcrumb\":{\"@id\":\"https:\\\/\\\/parkhotel-lippstadt.de\\\/datenschutz\\\/#breadcrumb\"},\"inLanguage\":\"en-US\",\"potentialAction\":[{\"@type\":\"ReadAction\",\"target\":[\"https:\\\/\\\/parkhotel-lippstadt.de\\\/datenschutz\\\/\"]}]},{\"@type\":\"BreadcrumbList\",\"@id\":\"https:\\\/\\\/parkhotel-lippstadt.de\\\/datenschutz\\\/#breadcrumb\",\"itemListElement\":[{\"@type\":\"ListItem\",\"position\":1,\"name\":\"Startseite\",\"item\":\"https:\\\/\\\/parkhotel-lippstadt.de\\\/\"},{\"@type\":\"ListItem\",\"position\":2,\"name\":\"Datenschutz\"}]},{\"@type\":\"WebSite\",\"@id\":\"https:\\\/\\\/parkhotel-lippstadt.de\\\/#website\",\"url\":\"https:\\\/\\\/parkhotel-lippstadt.de\\\/\",\"name\":\"\",\"description\":\"\",\"potentialAction\":[{\"@type\":\"SearchAction\",\"target\":{\"@type\":\"EntryPoint\",\"urlTemplate\":\"https:\\\/\\\/parkhotel-lippstadt.de\\\/?s={search_term_string}\"},\"query-input\":{\"@type\":\"PropertyValueSpecification\",\"valueRequired\":true,\"valueName\":\"search_term_string\"}}],\"inLanguage\":\"en-US\"}]}<\/script>\n<!-- \/ Yoast SEO plugin. -->","yoast_head_json":{"title":"Datenschutz -","robots":{"index":"index","follow":"follow","max-snippet":"max-snippet:-1","max-image-preview":"max-image-preview:large","max-video-preview":"max-video-preview:-1"},"canonical":"https:\/\/parkhotel-lippstadt.de\/en\/datenschutz\/","og_locale":"en_US","og_type":"article","og_title":"Datenschutz -","og_description":"Wir, das Partkhotel Lippstadt, nehmen den Schutz Ihrer pers\u00f6nlichen Daten sehr ernst und halten uns strikt an die Regeln der Datenschutzgesetze. Personenbezogene Daten werden auf dieser Webseite nur im technisch notwendigen Umfang erhoben. In keinem Fall werden die erhobenen Daten verkauft oder aus anderen Gr\u00fcnden an Dritte weitergegeben. Die nachfolgende Erkl\u00e4rung gibt Ihnen einen \u00dcberblickContinue reading \"Datenschutz\"","og_url":"https:\/\/parkhotel-lippstadt.de\/en\/datenschutz\/","twitter_card":"summary_large_image","twitter_misc":{"Est. reading time":"1 minute"},"schema":{"@context":"https:\/\/schema.org","@graph":[{"@type":"WebPage","@id":"https:\/\/parkhotel-lippstadt.de\/datenschutz\/","url":"https:\/\/parkhotel-lippstadt.de\/datenschutz\/","name":"Datenschutz -","isPartOf":{"@id":"https:\/\/parkhotel-lippstadt.de\/#website"},"datePublished":"2020-08-13T12:28:20+00:00","breadcrumb":{"@id":"https:\/\/parkhotel-lippstadt.de\/datenschutz\/#breadcrumb"},"inLanguage":"en-US","potentialAction":[{"@type":"ReadAction","target":["https:\/\/parkhotel-lippstadt.de\/datenschutz\/"]}]},{"@type":"BreadcrumbList","@id":"https:\/\/parkhotel-lippstadt.de\/datenschutz\/#breadcrumb","itemListElement":[{"@type":"ListItem","position":1,"name":"Startseite","item":"https:\/\/parkhotel-lippstadt.de\/"},{"@type":"ListItem","position":2,"name":"Datenschutz"}]},{"@type":"WebSite","@id":"https:\/\/parkhotel-lippstadt.de\/#website","url":"https:\/\/parkhotel-lippstadt.de\/","name":"","description":"","potentialAction":[{"@type":"SearchAction","target":{"@type":"EntryPoint","urlTemplate":"https:\/\/parkhotel-lippstadt.de\/?s={search_term_string}"},"query-input":{"@type":"PropertyValueSpecification","valueRequired":true,"valueName":"search_term_string"}}],"inLanguage":"en-US"}]}},"jetpack_sharing_enabled":true,"amp_enabled":true,"_links":{"self":[{"href":"https:\/\/parkhotel-lippstadt.de\/en\/wp-json\/wp\/v2\/pages\/117","targetHints":{"allow":["GET"]}}],"collection":[{"href":"https:\/\/parkhotel-lippstadt.de\/en\/wp-json\/wp\/v2\/pages"}],"about":[{"href":"https:\/\/parkhotel-lippstadt.de\/en\/wp-json\/wp\/v2\/types\/page"}],"author":[{"embeddable":true,"href":"https:\/\/parkhotel-lippstadt.de\/en\/wp-json\/wp\/v2\/users\/2"}],"replies":[{"embeddable":true,"href":"https:\/\/parkhotel-lippstadt.de\/en\/wp-json\/wp\/v2\/comments?post=117"}],"version-history":[{"count":0,"href":"https:\/\/parkhotel-lippstadt.de\/en\/wp-json\/wp\/v2\/pages\/117\/revisions"}],"wp:attachment":[{"href":"https:\/\/parkhotel-lippstadt.de\/en\/wp-json\/wp\/v2\/media?parent=117"}],"curies":[{"name":"wp","href":"https:\/\/api.w.org\/{rel}","templated":true}]}}