{"id":34,"date":"2020-08-23T17:10:29","date_gmt":"2020-08-23T15:10:29","guid":{"rendered":"https:\/\/parkhotel-lippstadt.de\/?page_id=34"},"modified":"2026-02-25T09:35:29","modified_gmt":"2026-02-25T08:35:29","slug":"restaurant","status":"publish","type":"page","link":"https:\/\/parkhotel-lippstadt.de\/en\/restaurant\/","title":{"rendered":"Gastronomy"},"content":{"rendered":"<div id=\"d21-quickbook\" data-d21=\"{'hasHorizontalOrientation':true}\"><\/div>\n\n\n\n<p>Das gastronomische Angebot  in Bad Waldliesborn umfasst mehrere Restaurants sowie die sch\u00f6ne Cocktailbar Kaj\u00fcte, das chinesische Restaurant Neue Welt und das Restaurant Neri.<\/p>\n\n\n\n<p><\/p>\n\n\n\n<h2 class=\"wp-block-heading\" id=\"Restaurant-Achilles\">Restaurant Neri<\/h2>\n\n\n\n<div class=\"wp-block-columns is-layout-flex wp-container-core-columns-is-layout-28f84493 wp-block-columns-is-layout-flex\">\n<div class=\"wp-block-column is-vertically-aligned-center is-layout-flow wp-block-column-is-layout-flow\" style=\"flex-basis:33.33%\">\n<div class=\"wp-block-group\"><div class=\"wp-block-group__inner-container is-layout-flow wp-block-group-is-layout-flow\">\n<figure class=\"wp-block-image size-full\"><img loading=\"lazy\" decoding=\"async\" width=\"1024\" height=\"1024\" src=\"https:\/\/parkhotel-lippstadt.de\/wp-content\/uploads\/2026\/02\/Neri.jpg\" alt=\"\" class=\"wp-image-15101\" srcset=\"https:\/\/parkhotel-lippstadt.de\/wp-content\/uploads\/2026\/02\/Neri.jpg 1024w, https:\/\/parkhotel-lippstadt.de\/wp-content\/uploads\/2026\/02\/Neri-300x300.jpg 300w, https:\/\/parkhotel-lippstadt.de\/wp-content\/uploads\/2026\/02\/Neri-150x150.jpg 150w, https:\/\/parkhotel-lippstadt.de\/wp-content\/uploads\/2026\/02\/Neri-768x768.jpg 768w, https:\/\/parkhotel-lippstadt.de\/wp-content\/uploads\/2026\/02\/Neri-12x12.jpg 12w\" sizes=\"auto, (max-width: 1024px) 100vw, 1024px\" \/><\/figure>\n\n\n\n<p><\/p>\n<\/div><\/div>\n<\/div>\n\n\n\n<div class=\"wp-block-column is-layout-flow wp-block-column-is-layout-flow\" style=\"flex-basis:66.66%\">\n<p>Entdecke die traditionelle italienische K\u00fcche in Bad Waldliesborn<\/p>\n\n\n\n<p>Das Neri in Lippstadt bietet eine herrlich frische K\u00fcche mit typisch italienischen Speisen. Historisches Fachwerk und modernisierte Innenr\u00e4ume verleihen dem Neri seinen einzigartigen Charme.<\/p>\n<\/div>\n<\/div>\n\n\n\n<div class=\"wp-block-buttons is-layout-flex wp-block-buttons-is-layout-flex\">\n<div class=\"wp-block-button\"><a class=\"wp-block-button__link wp-element-button\" href=\"https:\/\/www.achillesdergrieche.de\/\">Zum Restaurant Neri <\/a><\/div>\n<\/div>\n\n\n\n<hr class=\"wp-block-separator has-css-opacity\"\/>\n\n\n\n<h2 class=\"wp-block-heading\">Cocktail Bar Kaj\u00fcte<\/h2>\n\n\n\n<div class=\"wp-block-columns is-layout-flex wp-container-core-columns-is-layout-28f84493 wp-block-columns-is-layout-flex\">\n<div class=\"wp-block-column is-layout-flow wp-block-column-is-layout-flow\" style=\"flex-basis:33.33%\">\n<figure class=\"wp-block-image size-large\"><img loading=\"lazy\" decoding=\"async\" width=\"1024\" height=\"681\" src=\"https:\/\/parkhotel-lippstadt.de\/wp-content\/uploads\/2021\/07\/Kajute1-1024x681.jpg\" alt=\"\" class=\"wp-image-1060\" srcset=\"https:\/\/parkhotel-lippstadt.de\/wp-content\/uploads\/2021\/07\/Kajute1-1024x681.jpg 1024w, https:\/\/parkhotel-lippstadt.de\/wp-content\/uploads\/2021\/07\/Kajute1-300x200.jpg 300w, https:\/\/parkhotel-lippstadt.de\/wp-content\/uploads\/2021\/07\/Kajute1-768x511.jpg 768w, https:\/\/parkhotel-lippstadt.de\/wp-content\/uploads\/2021\/07\/Kajute1-16x12.jpg 16w, https:\/\/parkhotel-lippstadt.de\/wp-content\/uploads\/2021\/07\/Kajute1-1200x799.jpg 1200w, https:\/\/parkhotel-lippstadt.de\/wp-content\/uploads\/2021\/07\/Kajute1.jpg 1450w\" sizes=\"auto, (max-width: 1024px) 100vw, 1024px\" \/><\/figure>\n\n\n\n<div class=\"wp-block-buttons is-layout-flex wp-block-buttons-is-layout-flex\">\n<div class=\"wp-block-button\"><a class=\"wp-block-button__link wp-element-button\" href=\"http:\/\/www.cocktailbarkajuete.de\/index.php\">To the website<\/a><\/div>\n<\/div>\n<\/div>\n\n\n\n<div class=\"wp-block-column is-layout-flow wp-block-column-is-layout-flow\" style=\"flex-basis:66.66%\">\n<p>In 1996 as the Cocktail Bar Kaj\u00fcte in the Suburb Bad Waldliesborn opened its doors for the first time it was known as the insider tip around town. Quickly the Kaj\u00fcte grew to be one of the most popular bars in the area known for its great tasting and fairly priced cocktails. Parkhotel guests enjoy special discounts when overnighting in our Hotel and can book a cocktail course. If you would like to learn how to make your own delicious cocktails.<\/p>\n<\/div>\n<\/div>\n\n\n\n<div class=\"wp-block-jetpack-layout-grid alignfull column1-desktop-grid__span-12 column1-desktop-grid__row-1 column1-tablet-grid__span-8 column1-tablet-grid__row-1 column1-mobile-grid__span-4 column1-mobile-grid__row-1\">\n<div class=\"wp-block-jetpack-layout-grid-column wp-block-jetpack-layout-grid__padding-none\">\n<hr class=\"wp-block-separator has-css-opacity\"\/>\n<\/div>\n<\/div>\n\n\n\n<div class=\"wp-block-columns is-layout-flex wp-container-core-columns-is-layout-28f84493 wp-block-columns-is-layout-flex\">\n<div class=\"wp-block-column is-layout-flow wp-block-column-is-layout-flow\">\n<p><strong>Neue Welt chinesisches, mongolisches<br>&amp; japanisches Restaurant<\/strong><\/p>\n\n\n\n<figure class=\"wp-block-image size-full\"><img loading=\"lazy\" decoding=\"async\" width=\"1024\" height=\"683\" src=\"https:\/\/parkhotel-lippstadt.de\/wp-content\/uploads\/2026\/02\/Neue-Welt.jpg\" alt=\"\" class=\"wp-image-15102\" srcset=\"https:\/\/parkhotel-lippstadt.de\/wp-content\/uploads\/2026\/02\/Neue-Welt.jpg 1024w, https:\/\/parkhotel-lippstadt.de\/wp-content\/uploads\/2026\/02\/Neue-Welt-300x200.jpg 300w, https:\/\/parkhotel-lippstadt.de\/wp-content\/uploads\/2026\/02\/Neue-Welt-768x512.jpg 768w, https:\/\/parkhotel-lippstadt.de\/wp-content\/uploads\/2026\/02\/Neue-Welt-18x12.jpg 18w\" sizes=\"auto, (max-width: 1024px) 100vw, 1024px\" \/><\/figure>\n<\/div>\n\n\n\n<div class=\"wp-block-column is-layout-flow wp-block-column-is-layout-flow\">\n<p><strong>Asiatisches Buffet, Sushi &amp; Spezialit\u00e4ten aus China, Mongolei und Japan<\/strong><\/p>\n\n\n\n<p>Frisch, vielf\u00e4ltig und authentisch: Im Restaurant Neue Welt genie\u00dfen Sie chinesische, mongolische und japanische K\u00fcche \u2013 liebevoll f\u00fcr Sie zubereitet. Unsere Spezialit\u00e4tenk\u00f6che bringen die Vielfalt Asiens direkt an Ihren Tisch.<\/p>\n<\/div>\n<\/div>\n\n\n\n<div class=\"wp-block-buttons is-layout-flex wp-block-buttons-is-layout-flex\">\n<div class=\"wp-block-button\"><a class=\"wp-block-button__link wp-element-button\" href=\"https:\/\/neuewelt-lippstadt.com\/\">Zur Neue Welt<\/a><\/div>\n<\/div>\n\n\n\n<div class=\"wp-block-group alignfull has-foreground-dark-background-color has-background\"><div class=\"wp-block-group__inner-container is-layout-flow wp-block-group-is-layout-flow\">\n<div class=\"wp-block-columns alignwide is-layout-flex wp-container-core-columns-is-layout-28f84493 wp-block-columns-is-layout-flex\">\n<div class=\"wp-block-column is-layout-flow wp-block-column-is-layout-flow\">\n<h5 class=\"wp-block-heading\">Contact us<\/h5>\n\n\n\n<p>info@parkhotel-lippstadt.de<\/p>\n\n\n\n<p>Tel: 02941 8820<\/p>\n\n\n\n<p>Fax: 02941 88240<\/p>\n<\/div>\n\n\n\n<div class=\"wp-block-column is-layout-flow wp-block-column-is-layout-flow\">\n<h5 class=\"wp-block-heading\">Visit us<\/h5>\n\n\n\n<p>Im Kreuzkamp 10<br>59556 Lippstadt (Bad Waldliesborn)<br>Deutschland<\/p>\n\n\n\n<p><a href=\"https:\/\/parkhotel-lippstadt.de\/en\/contact\/\" data-type=\"URL\" data-id=\"https:\/\/parkhotel-lippstadt.de\/contact\/\">Directions<\/a><\/p>\n<\/div>\n<\/div>\n\n\n\n<p><\/p>\n<\/div><\/div>","protected":false},"excerpt":{"rendered":"<p>Das gastronomische Angebot in Bad Waldliesborn umfasst mehrere Restaurants sowie die sch\u00f6ne Cocktailbar Kaj\u00fcte, das chinesische Restaurant Neue Welt und das Restaurant Neri. Restaurant Neri Entdecke die traditionelle italienische K\u00fcche in Bad Waldliesborn Das Neri in Lippstadt bietet eine herrlich frische K\u00fcche mit typisch italienischen Speisen. Historisches Fachwerk und modernisierte Innenr\u00e4ume verleihen dem Neri seinen<a class=\"more-link\" href=\"https:\/\/parkhotel-lippstadt.de\/en\/restaurant\/\">Continue reading <span class=\"screen-reader-text\">&#8222;Gastronomie&#8220;<\/span><\/a><\/p>","protected":false},"author":2,"featured_media":0,"parent":0,"menu_order":0,"comment_status":"closed","ping_status":"closed","template":"","meta":{"_coblocks_attr":"","_coblocks_dimensions":"","_coblocks_responsive_height":"","_coblocks_accordion_ie_support":"","footnotes":""},"class_list":["post-34","page","type-page","status-publish","hentry","entry"],"yoast_head":"<!-- This site is optimized with the Yoast SEO plugin v27.4 - https:\/\/yoast.com\/product\/yoast-seo-wordpress\/ -->\n<title>Gastronomie -<\/title>\n<meta name=\"robots\" content=\"index, follow, max-snippet:-1, max-image-preview:large, max-video-preview:-1\" \/>\n<link rel=\"canonical\" href=\"https:\/\/parkhotel-lippstadt.de\/en\/restaurant\/\" \/>\n<meta property=\"og:locale\" content=\"en_US\" \/>\n<meta property=\"og:type\" content=\"article\" \/>\n<meta property=\"og:title\" content=\"Gastronomie -\" \/>\n<meta property=\"og:description\" content=\"Das gastronomische Angebot in Bad Waldliesborn umfasst mehrere Restaurants sowie die sch\u00f6ne Cocktailbar Kaj\u00fcte, das chinesische Restaurant Neue Welt und das Restaurant Neri. Restaurant Neri Entdecke die traditionelle italienische K\u00fcche in Bad Waldliesborn Das Neri in Lippstadt bietet eine herrlich frische K\u00fcche mit typisch italienischen Speisen. Historisches Fachwerk und modernisierte Innenr\u00e4ume verleihen dem Neri seinenContinue reading &quot;Gastronomie&quot;\" \/>\n<meta property=\"og:url\" content=\"https:\/\/parkhotel-lippstadt.de\/en\/restaurant\/\" \/>\n<meta property=\"article:modified_time\" content=\"2026-02-25T08:35:29+00:00\" \/>\n<meta property=\"og:image\" content=\"https:\/\/parkhotel-lippstadt.de\/wp-content\/uploads\/2026\/02\/Neri.jpg\" \/>\n\t<meta property=\"og:image:width\" content=\"1024\" \/>\n\t<meta property=\"og:image:height\" content=\"1024\" \/>\n\t<meta property=\"og:image:type\" content=\"image\/jpeg\" \/>\n<meta name=\"twitter:card\" content=\"summary_large_image\" \/>\n<meta name=\"twitter:label1\" content=\"Est. reading time\" \/>\n\t<meta name=\"twitter:data1\" content=\"2 minutes\" \/>\n<script type=\"application\/ld+json\" class=\"yoast-schema-graph\">{\"@context\":\"https:\\\/\\\/schema.org\",\"@graph\":[{\"@type\":\"WebPage\",\"@id\":\"https:\\\/\\\/parkhotel-lippstadt.de\\\/restaurant\\\/\",\"url\":\"https:\\\/\\\/parkhotel-lippstadt.de\\\/restaurant\\\/\",\"name\":\"Gastronomie -\",\"isPartOf\":{\"@id\":\"https:\\\/\\\/parkhotel-lippstadt.de\\\/#website\"},\"primaryImageOfPage\":{\"@id\":\"https:\\\/\\\/parkhotel-lippstadt.de\\\/restaurant\\\/#primaryimage\"},\"image\":{\"@id\":\"https:\\\/\\\/parkhotel-lippstadt.de\\\/restaurant\\\/#primaryimage\"},\"thumbnailUrl\":\"https:\\\/\\\/parkhotel-lippstadt.de\\\/wp-content\\\/uploads\\\/2026\\\/02\\\/Neri.jpg\",\"datePublished\":\"2020-08-23T15:10:29+00:00\",\"dateModified\":\"2026-02-25T08:35:29+00:00\",\"breadcrumb\":{\"@id\":\"https:\\\/\\\/parkhotel-lippstadt.de\\\/restaurant\\\/#breadcrumb\"},\"inLanguage\":\"en-US\",\"potentialAction\":[{\"@type\":\"ReadAction\",\"target\":[\"https:\\\/\\\/parkhotel-lippstadt.de\\\/restaurant\\\/\"]}]},{\"@type\":\"ImageObject\",\"inLanguage\":\"en-US\",\"@id\":\"https:\\\/\\\/parkhotel-lippstadt.de\\\/restaurant\\\/#primaryimage\",\"url\":\"https:\\\/\\\/parkhotel-lippstadt.de\\\/wp-content\\\/uploads\\\/2026\\\/02\\\/Neri.jpg\",\"contentUrl\":\"https:\\\/\\\/parkhotel-lippstadt.de\\\/wp-content\\\/uploads\\\/2026\\\/02\\\/Neri.jpg\"},{\"@type\":\"BreadcrumbList\",\"@id\":\"https:\\\/\\\/parkhotel-lippstadt.de\\\/restaurant\\\/#breadcrumb\",\"itemListElement\":[{\"@type\":\"ListItem\",\"position\":1,\"name\":\"Startseite\",\"item\":\"https:\\\/\\\/parkhotel-lippstadt.de\\\/\"},{\"@type\":\"ListItem\",\"position\":2,\"name\":\"Gastronomie\"}]},{\"@type\":\"WebSite\",\"@id\":\"https:\\\/\\\/parkhotel-lippstadt.de\\\/#website\",\"url\":\"https:\\\/\\\/parkhotel-lippstadt.de\\\/\",\"name\":\"\",\"description\":\"\",\"potentialAction\":[{\"@type\":\"SearchAction\",\"target\":{\"@type\":\"EntryPoint\",\"urlTemplate\":\"https:\\\/\\\/parkhotel-lippstadt.de\\\/?s={search_term_string}\"},\"query-input\":{\"@type\":\"PropertyValueSpecification\",\"valueRequired\":true,\"valueName\":\"search_term_string\"}}],\"inLanguage\":\"en-US\"}]}<\/script>\n<!-- \/ Yoast SEO plugin. -->","yoast_head_json":{"title":"Gastronomie -","robots":{"index":"index","follow":"follow","max-snippet":"max-snippet:-1","max-image-preview":"max-image-preview:large","max-video-preview":"max-video-preview:-1"},"canonical":"https:\/\/parkhotel-lippstadt.de\/en\/restaurant\/","og_locale":"en_US","og_type":"article","og_title":"Gastronomie -","og_description":"Das gastronomische Angebot in Bad Waldliesborn umfasst mehrere Restaurants sowie die sch\u00f6ne Cocktailbar Kaj\u00fcte, das chinesische Restaurant Neue Welt und das Restaurant Neri. Restaurant Neri Entdecke die traditionelle italienische K\u00fcche in Bad Waldliesborn Das Neri in Lippstadt bietet eine herrlich frische K\u00fcche mit typisch italienischen Speisen. Historisches Fachwerk und modernisierte Innenr\u00e4ume verleihen dem Neri seinenContinue reading \"Gastronomie\"","og_url":"https:\/\/parkhotel-lippstadt.de\/en\/restaurant\/","article_modified_time":"2026-02-25T08:35:29+00:00","og_image":[{"width":1024,"height":1024,"url":"https:\/\/parkhotel-lippstadt.de\/wp-content\/uploads\/2026\/02\/Neri.jpg","type":"image\/jpeg"}],"twitter_card":"summary_large_image","twitter_misc":{"Est. reading time":"2 minutes"},"schema":{"@context":"https:\/\/schema.org","@graph":[{"@type":"WebPage","@id":"https:\/\/parkhotel-lippstadt.de\/restaurant\/","url":"https:\/\/parkhotel-lippstadt.de\/restaurant\/","name":"Gastronomie -","isPartOf":{"@id":"https:\/\/parkhotel-lippstadt.de\/#website"},"primaryImageOfPage":{"@id":"https:\/\/parkhotel-lippstadt.de\/restaurant\/#primaryimage"},"image":{"@id":"https:\/\/parkhotel-lippstadt.de\/restaurant\/#primaryimage"},"thumbnailUrl":"https:\/\/parkhotel-lippstadt.de\/wp-content\/uploads\/2026\/02\/Neri.jpg","datePublished":"2020-08-23T15:10:29+00:00","dateModified":"2026-02-25T08:35:29+00:00","breadcrumb":{"@id":"https:\/\/parkhotel-lippstadt.de\/restaurant\/#breadcrumb"},"inLanguage":"en-US","potentialAction":[{"@type":"ReadAction","target":["https:\/\/parkhotel-lippstadt.de\/restaurant\/"]}]},{"@type":"ImageObject","inLanguage":"en-US","@id":"https:\/\/parkhotel-lippstadt.de\/restaurant\/#primaryimage","url":"https:\/\/parkhotel-lippstadt.de\/wp-content\/uploads\/2026\/02\/Neri.jpg","contentUrl":"https:\/\/parkhotel-lippstadt.de\/wp-content\/uploads\/2026\/02\/Neri.jpg"},{"@type":"BreadcrumbList","@id":"https:\/\/parkhotel-lippstadt.de\/restaurant\/#breadcrumb","itemListElement":[{"@type":"ListItem","position":1,"name":"Startseite","item":"https:\/\/parkhotel-lippstadt.de\/"},{"@type":"ListItem","position":2,"name":"Gastronomie"}]},{"@type":"WebSite","@id":"https:\/\/parkhotel-lippstadt.de\/#website","url":"https:\/\/parkhotel-lippstadt.de\/","name":"","description":"","potentialAction":[{"@type":"SearchAction","target":{"@type":"EntryPoint","urlTemplate":"https:\/\/parkhotel-lippstadt.de\/?s={search_term_string}"},"query-input":{"@type":"PropertyValueSpecification","valueRequired":true,"valueName":"search_term_string"}}],"inLanguage":"en-US"}]}},"jetpack_sharing_enabled":true,"amp_enabled":true,"_links":{"self":[{"href":"https:\/\/parkhotel-lippstadt.de\/en\/wp-json\/wp\/v2\/pages\/34","targetHints":{"allow":["GET"]}}],"collection":[{"href":"https:\/\/parkhotel-lippstadt.de\/en\/wp-json\/wp\/v2\/pages"}],"about":[{"href":"https:\/\/parkhotel-lippstadt.de\/en\/wp-json\/wp\/v2\/types\/page"}],"author":[{"embeddable":true,"href":"https:\/\/parkhotel-lippstadt.de\/en\/wp-json\/wp\/v2\/users\/2"}],"replies":[{"embeddable":true,"href":"https:\/\/parkhotel-lippstadt.de\/en\/wp-json\/wp\/v2\/comments?post=34"}],"version-history":[{"count":25,"href":"https:\/\/parkhotel-lippstadt.de\/en\/wp-json\/wp\/v2\/pages\/34\/revisions"}],"predecessor-version":[{"id":15103,"href":"https:\/\/parkhotel-lippstadt.de\/en\/wp-json\/wp\/v2\/pages\/34\/revisions\/15103"}],"wp:attachment":[{"href":"https:\/\/parkhotel-lippstadt.de\/en\/wp-json\/wp\/v2\/media?parent=34"}],"curies":[{"name":"wp","href":"https:\/\/api.w.org\/{rel}","templated":true}]}}