{"id":35,"date":"2020-08-23T17:10:27","date_gmt":"2020-08-23T15:10:27","guid":{"rendered":"https:\/\/parkhotel-lippstadt.de\/?page_id=35"},"modified":"2024-10-14T07:53:40","modified_gmt":"2024-10-14T05:53:40","slug":"lippstadt-und-umgebung","status":"publish","type":"page","link":"https:\/\/parkhotel-lippstadt.de\/en\/lippstadt-und-umgebung\/","title":{"rendered":"In der N\u00e4he"},"content":{"rendered":"<div id=\"d21-quickbook\" data-d21=\"{'hasHorizontalOrientation':true}\"><\/div>\n\n\n\n<p>Das Parkhotel Lippstadt liegt mitten im Herzen von Bad Waldliesborn umgeben von der gro\u00dfen, gepflegten Parkanlage. In nur\u00a0wenigen\u00a0Fu\u00dfminuten\u00a0erreichen Sie den sch\u00f6nen gepflegten\u00a0Kurpark,\u00a0die\u00a0Minigolfanlage, Apotheke, Superm\u00e4rkte, B\u00e4cker und weitere Gesch\u00e4fte.\u00a0Eine kurze Fahrt entfernt liegt der Golfclub Lippstadt, die historische Altstadt von Lippstadt sowie der Albersee und die Cosacks Brennerei. In der Umgebung finden Sie viele sch\u00f6ne Fahrradrouten und das Hotel bietet f\u00fcr Fahrradfahrer zwei Kalkhoff E-Bikes zum Ausleihen.<\/p>\n\n\n\n<p><\/p>\n\n\n\n<hr class=\"wp-block-separator has-css-opacity\"\/>\n\n\n\n<h2 class=\"wp-block-heading\">Cosacks Brennerei<\/h2>\n\n\n\n<div class=\"wp-block-columns is-layout-flex wp-container-core-columns-is-layout-28f84493 wp-block-columns-is-layout-flex\">\n<div class=\"wp-block-column is-layout-flow wp-block-column-is-layout-flow\" style=\"flex-basis:33.33%\">\n<figure class=\"wp-block-image size-full\"><img loading=\"lazy\" decoding=\"async\" width=\"680\" height=\"510\" src=\"https:\/\/parkhotel-lippstadt.de\/wp-content\/uploads\/2024\/10\/Cosaks-1.jpg\" alt=\"\" class=\"wp-image-8804\" srcset=\"https:\/\/parkhotel-lippstadt.de\/wp-content\/uploads\/2024\/10\/Cosaks-1.jpg 680w, https:\/\/parkhotel-lippstadt.de\/wp-content\/uploads\/2024\/10\/Cosaks-1-300x225.jpg 300w, https:\/\/parkhotel-lippstadt.de\/wp-content\/uploads\/2024\/10\/Cosaks-1-16x12.jpg 16w\" sizes=\"auto, (max-width: 680px) 100vw, 680px\" \/><\/figure>\n<\/div>\n\n\n\n<div class=\"wp-block-column is-layout-flow wp-block-column-is-layout-flow\" style=\"flex-basis:66.66%\">\n<p>Die Cosacks Brennerei ist als Event und Hochzeitslocation bekannt. Unter anderem bieten Sie eine Vielzahl an Buffets an. Sowie ein Sonntagsbrunch und ein Schnitzelb\u00fcffet. <\/p>\n<\/div>\n<\/div>\n\n\n\n<hr class=\"wp-block-separator has-css-opacity\"\/>\n\n\n\n<div class=\"wp-block-buttons is-layout-flex wp-block-buttons-is-layout-flex\">\n<div class=\"wp-block-button\"><a class=\"wp-block-button__link wp-element-button\" href=\"https:\/\/www.cosacks.de\/\">Zu Cosacks Brennerei<\/a><\/div>\n<\/div>\n\n\n\n<h2 class=\"wp-block-heading\">Cocktail Bar Kaj\u00fcte<\/h2>\n\n\n\n<div class=\"wp-block-columns is-layout-flex wp-container-core-columns-is-layout-28f84493 wp-block-columns-is-layout-flex\">\n<div class=\"wp-block-column is-layout-flow wp-block-column-is-layout-flow\" style=\"flex-basis:33.33%\">\n<div class=\"wp-block-jetpack-tiled-gallery aligncenter is-style-rectangular\"><div class=\"\"><div class=\"tiled-gallery__gallery\"><div class=\"tiled-gallery__row\"><div class=\"tiled-gallery__col\" style=\"flex-basis:100.00000%\"><figure class=\"tiled-gallery__item\"><img decoding=\"async\" srcset=\"https:\/\/i1.wp.com\/parkhotel-lippstadt.de\/wp-content\/uploads\/2024\/10\/Kajuete-2.jpg?strip=info&#038;w=600&#038;ssl=1 600w,https:\/\/i1.wp.com\/parkhotel-lippstadt.de\/wp-content\/uploads\/2024\/10\/Kajuete-2.jpg?strip=info&#038;w=900&#038;ssl=1 900w,https:\/\/i1.wp.com\/parkhotel-lippstadt.de\/wp-content\/uploads\/2024\/10\/Kajuete-2.jpg?strip=info&#038;w=1024&#038;ssl=1 1024w\" alt=\"\" data-height=\"681\" data-id=\"8802\" data-link=\"https:\/\/parkhotel-lippstadt.de\/lippstadt-und-umgebung\/kajuete-2\/\" data-url=\"https:\/\/parkhotel-lippstadt.de\/wp-content\/uploads\/2024\/10\/Kajuete-2.jpg\" data-width=\"1024\" src=\"https:\/\/i1.wp.com\/parkhotel-lippstadt.de\/wp-content\/uploads\/2024\/10\/Kajuete-2.jpg?ssl=1\" data-amp-layout=\"responsive\" tabindex=\"0\" role=\"button\" aria-label=\"Bild\u00a01 von 1 im Vollbildmodus \u00f6ffnen\"\/><\/figure><\/div><\/div><\/div><\/div><\/div>\n<\/div>\n\n\n\n<div class=\"wp-block-column is-layout-flow wp-block-column-is-layout-flow\" style=\"flex-basis:66.66%\">\n<p>Die Cocktailbar Kaj\u00fcte im beschaulichen Kurort Bad Waldliesborn bietet Jung und Alt einen Treffpunkt in angenehmer Atmosph\u00e4re, einem sehr breiten Cocktailangebot und gutem Service. Zus\u00e4tzlich sind wir mit dem Event- und Cateringservice auf vielen \u00f6ffentlichen und privaten Veranstaltungen im nahen, aber auch weiteren Umfeld Lippstadts vertreten.<\/p>\n<\/div>\n<\/div>\n\n\n\n<div class=\"wp-block-buttons is-layout-flex wp-block-buttons-is-layout-flex\">\n<div class=\"wp-block-button\"><a class=\"wp-block-button__link wp-element-button\" href=\"https:\/\/cocktailbarkajuete.de\/\" target=\"_blank\" rel=\"noreferrer noopener\">Zu Cocktailbar Kaj\u00fcte<\/a><\/div>\n<\/div>\n\n\n\n<hr class=\"wp-block-separator has-css-opacity\"\/>\n\n\n\n<h2 class=\"wp-block-heading\">GolfClub Lippstadt<\/h2>\n\n\n\n<div class=\"wp-block-columns is-layout-flex wp-container-core-columns-is-layout-28f84493 wp-block-columns-is-layout-flex\">\n<div class=\"wp-block-column is-layout-flow wp-block-column-is-layout-flow\" style=\"flex-basis:33.33%\">\n<figure class=\"wp-block-image size-large is-resized\"><img loading=\"lazy\" decoding=\"async\" width=\"225\" height=\"225\" src=\"https:\/\/parkhotel-lippstadt.de\/wp-content\/uploads\/2020\/08\/GolfClubLogo.jpg\" alt=\"\" class=\"wp-image-342\" srcset=\"https:\/\/parkhotel-lippstadt.de\/wp-content\/uploads\/2020\/08\/GolfClubLogo.jpg 225w, https:\/\/parkhotel-lippstadt.de\/wp-content\/uploads\/2020\/08\/GolfClubLogo-150x150.jpg 150w\" sizes=\"auto, (max-width: 225px) 100vw, 225px\" \/><\/figure>\n\n\n\n<div class=\"wp-block-buttons is-layout-flex wp-block-buttons-is-layout-flex\">\n<div class=\"wp-block-button\"><a class=\"wp-block-button__link wp-element-button\" href=\"https:\/\/www.gc-lippstadt.de\/\">To the website<\/a><\/div>\n<\/div>\n<\/div>\n\n\n\n<div class=\"wp-block-column is-layout-flow wp-block-column-is-layout-flow\" style=\"flex-basis:66.66%\">\n<p>A lot has happened since the Lippstadt Golf Club was founded in 1994. The course has been steadily developed from a simple meadow with five lanes to a professional 27-hole course on a scenic area of approx. 110 hectares.<\/p>\n\n\n\n<p>Den Greenfee f\u00fcr den GolfClub k\u00f6nnen Sie im Hotel erwerben. <\/p>\n<\/div>\n<\/div>\n\n\n\n<div class=\"wp-block-columns is-layout-flex wp-container-core-columns-is-layout-28f84493 wp-block-columns-is-layout-flex\"><\/div>\n\n\n\n<p><\/p>\n\n\n\n<div class=\"wp-block-group alignfull has-foreground-dark-background-color has-background\"><div class=\"wp-block-group__inner-container is-layout-flow wp-block-group-is-layout-flow\">\n<div class=\"wp-block-columns alignwide is-layout-flex wp-container-core-columns-is-layout-28f84493 wp-block-columns-is-layout-flex\">\n<div class=\"wp-block-column is-layout-flow wp-block-column-is-layout-flow\">\n<h5 class=\"wp-block-heading\">Contact us<\/h5>\n\n\n\n<p>info@parkhotel-lippstadt.de<\/p>\n\n\n\n<p>Tel: 02941 8820<\/p>\n\n\n\n<p>Fax: 02941 88240<\/p>\n<\/div>\n\n\n\n<div class=\"wp-block-column is-layout-flow wp-block-column-is-layout-flow\">\n<h5 class=\"wp-block-heading\">Visit us<\/h5>\n\n\n\n<p>Im Kreuzkamp 10<br>59556 Lippstadt (Bad Waldliesborn)<br>Deutschland<\/p>\n\n\n\n<p><a href=\"https:\/\/parkhotel-lippstadt.de\/en\/contact\/\" data-type=\"page\" data-id=\"8\">Directions<\/a><\/p>\n<\/div>\n<\/div>\n\n\n\n<p><\/p>\n<\/div><\/div>","protected":false},"excerpt":{"rendered":"<p>Das Parkhotel Lippstadt liegt mitten im Herzen von Bad Waldliesborn umgeben von der gro\u00dfen, gepflegten Parkanlage. In nur\u00a0wenigen\u00a0Fu\u00dfminuten\u00a0erreichen Sie den sch\u00f6nen gepflegten\u00a0Kurpark,\u00a0die\u00a0Minigolfanlage, Apotheke, Superm\u00e4rkte, B\u00e4cker und weitere Gesch\u00e4fte.\u00a0Eine kurze Fahrt entfernt liegt der Golfclub Lippstadt, die historische Altstadt von Lippstadt sowie der Albersee und die Cosacks Brennerei. In der Umgebung finden Sie viele sch\u00f6ne Fahrradrouten<a class=\"more-link\" href=\"https:\/\/parkhotel-lippstadt.de\/en\/lippstadt-und-umgebung\/\">Continue reading <span class=\"screen-reader-text\">&#8222;In der N\u00e4he&#8220;<\/span><\/a><\/p>","protected":false},"author":2,"featured_media":392,"parent":0,"menu_order":0,"comment_status":"closed","ping_status":"closed","template":"","meta":{"_coblocks_attr":"","_coblocks_dimensions":"","_coblocks_responsive_height":"","_coblocks_accordion_ie_support":"","footnotes":""},"class_list":["post-35","page","type-page","status-publish","has-post-thumbnail","hentry","entry"],"yoast_head":"<!-- This site is optimized with the Yoast SEO plugin v27.3 - https:\/\/yoast.com\/product\/yoast-seo-wordpress\/ -->\n<title>In der N\u00e4he -<\/title>\n<meta name=\"robots\" content=\"index, follow, max-snippet:-1, max-image-preview:large, max-video-preview:-1\" \/>\n<link rel=\"canonical\" href=\"https:\/\/parkhotel-lippstadt.de\/en\/lippstadt-und-umgebung\/\" \/>\n<meta property=\"og:locale\" content=\"en_US\" \/>\n<meta property=\"og:type\" content=\"article\" \/>\n<meta property=\"og:title\" content=\"In der N\u00e4he -\" \/>\n<meta property=\"og:description\" content=\"Das Parkhotel Lippstadt liegt mitten im Herzen von Bad Waldliesborn umgeben von der gro\u00dfen, gepflegten Parkanlage. In nur\u00a0wenigen\u00a0Fu\u00dfminuten\u00a0erreichen Sie den sch\u00f6nen gepflegten\u00a0Kurpark,\u00a0die\u00a0Minigolfanlage, Apotheke, Superm\u00e4rkte, B\u00e4cker und weitere Gesch\u00e4fte.\u00a0Eine kurze Fahrt entfernt liegt der Golfclub Lippstadt, die historische Altstadt von Lippstadt sowie der Albersee und die Cosacks Brennerei. In der Umgebung finden Sie viele sch\u00f6ne FahrradroutenContinue reading &quot;In der N\u00e4he&quot;\" \/>\n<meta property=\"og:url\" content=\"https:\/\/parkhotel-lippstadt.de\/en\/lippstadt-und-umgebung\/\" \/>\n<meta property=\"article:modified_time\" content=\"2024-10-14T05:53:40+00:00\" \/>\n<meta property=\"og:image\" content=\"https:\/\/parkhotel-lippstadt.de\/wp-content\/uploads\/2020\/08\/Aussenfassade.jpg\" \/>\n\t<meta property=\"og:image:width\" content=\"868\" \/>\n\t<meta property=\"og:image:height\" content=\"878\" \/>\n\t<meta property=\"og:image:type\" content=\"image\/jpeg\" \/>\n<meta name=\"twitter:card\" content=\"summary_large_image\" \/>\n<meta name=\"twitter:label1\" content=\"Est. reading time\" \/>\n\t<meta name=\"twitter:data1\" content=\"3 minutes\" \/>\n<script type=\"application\/ld+json\" class=\"yoast-schema-graph\">{\"@context\":\"https:\\\/\\\/schema.org\",\"@graph\":[{\"@type\":\"WebPage\",\"@id\":\"https:\\\/\\\/parkhotel-lippstadt.de\\\/lippstadt-und-umgebung\\\/\",\"url\":\"https:\\\/\\\/parkhotel-lippstadt.de\\\/lippstadt-und-umgebung\\\/\",\"name\":\"In der N\u00e4he -\",\"isPartOf\":{\"@id\":\"https:\\\/\\\/parkhotel-lippstadt.de\\\/#website\"},\"primaryImageOfPage\":{\"@id\":\"https:\\\/\\\/parkhotel-lippstadt.de\\\/lippstadt-und-umgebung\\\/#primaryimage\"},\"image\":{\"@id\":\"https:\\\/\\\/parkhotel-lippstadt.de\\\/lippstadt-und-umgebung\\\/#primaryimage\"},\"thumbnailUrl\":\"https:\\\/\\\/parkhotel-lippstadt.de\\\/wp-content\\\/uploads\\\/2020\\\/08\\\/Aussenfassade.jpg\",\"datePublished\":\"2020-08-23T15:10:27+00:00\",\"dateModified\":\"2024-10-14T05:53:40+00:00\",\"breadcrumb\":{\"@id\":\"https:\\\/\\\/parkhotel-lippstadt.de\\\/lippstadt-und-umgebung\\\/#breadcrumb\"},\"inLanguage\":\"en-US\",\"potentialAction\":[{\"@type\":\"ReadAction\",\"target\":[\"https:\\\/\\\/parkhotel-lippstadt.de\\\/lippstadt-und-umgebung\\\/\"]}]},{\"@type\":\"ImageObject\",\"inLanguage\":\"en-US\",\"@id\":\"https:\\\/\\\/parkhotel-lippstadt.de\\\/lippstadt-und-umgebung\\\/#primaryimage\",\"url\":\"https:\\\/\\\/parkhotel-lippstadt.de\\\/wp-content\\\/uploads\\\/2020\\\/08\\\/Aussenfassade.jpg\",\"contentUrl\":\"https:\\\/\\\/parkhotel-lippstadt.de\\\/wp-content\\\/uploads\\\/2020\\\/08\\\/Aussenfassade.jpg\",\"width\":868,\"height\":878},{\"@type\":\"BreadcrumbList\",\"@id\":\"https:\\\/\\\/parkhotel-lippstadt.de\\\/lippstadt-und-umgebung\\\/#breadcrumb\",\"itemListElement\":[{\"@type\":\"ListItem\",\"position\":1,\"name\":\"Startseite\",\"item\":\"https:\\\/\\\/parkhotel-lippstadt.de\\\/\"},{\"@type\":\"ListItem\",\"position\":2,\"name\":\"In der N\u00e4he\"}]},{\"@type\":\"WebSite\",\"@id\":\"https:\\\/\\\/parkhotel-lippstadt.de\\\/#website\",\"url\":\"https:\\\/\\\/parkhotel-lippstadt.de\\\/\",\"name\":\"\",\"description\":\"\",\"potentialAction\":[{\"@type\":\"SearchAction\",\"target\":{\"@type\":\"EntryPoint\",\"urlTemplate\":\"https:\\\/\\\/parkhotel-lippstadt.de\\\/?s={search_term_string}\"},\"query-input\":{\"@type\":\"PropertyValueSpecification\",\"valueRequired\":true,\"valueName\":\"search_term_string\"}}],\"inLanguage\":\"en-US\"}]}<\/script>\n<!-- \/ Yoast SEO plugin. -->","yoast_head_json":{"title":"In der N\u00e4he -","robots":{"index":"index","follow":"follow","max-snippet":"max-snippet:-1","max-image-preview":"max-image-preview:large","max-video-preview":"max-video-preview:-1"},"canonical":"https:\/\/parkhotel-lippstadt.de\/en\/lippstadt-und-umgebung\/","og_locale":"en_US","og_type":"article","og_title":"In der N\u00e4he -","og_description":"Das Parkhotel Lippstadt liegt mitten im Herzen von Bad Waldliesborn umgeben von der gro\u00dfen, gepflegten Parkanlage. In nur\u00a0wenigen\u00a0Fu\u00dfminuten\u00a0erreichen Sie den sch\u00f6nen gepflegten\u00a0Kurpark,\u00a0die\u00a0Minigolfanlage, Apotheke, Superm\u00e4rkte, B\u00e4cker und weitere Gesch\u00e4fte.\u00a0Eine kurze Fahrt entfernt liegt der Golfclub Lippstadt, die historische Altstadt von Lippstadt sowie der Albersee und die Cosacks Brennerei. In der Umgebung finden Sie viele sch\u00f6ne FahrradroutenContinue reading \"In der N\u00e4he\"","og_url":"https:\/\/parkhotel-lippstadt.de\/en\/lippstadt-und-umgebung\/","article_modified_time":"2024-10-14T05:53:40+00:00","og_image":[{"width":868,"height":878,"url":"https:\/\/parkhotel-lippstadt.de\/wp-content\/uploads\/2020\/08\/Aussenfassade.jpg","type":"image\/jpeg"}],"twitter_card":"summary_large_image","twitter_misc":{"Est. reading time":"3 minutes"},"schema":{"@context":"https:\/\/schema.org","@graph":[{"@type":"WebPage","@id":"https:\/\/parkhotel-lippstadt.de\/lippstadt-und-umgebung\/","url":"https:\/\/parkhotel-lippstadt.de\/lippstadt-und-umgebung\/","name":"In der N\u00e4he -","isPartOf":{"@id":"https:\/\/parkhotel-lippstadt.de\/#website"},"primaryImageOfPage":{"@id":"https:\/\/parkhotel-lippstadt.de\/lippstadt-und-umgebung\/#primaryimage"},"image":{"@id":"https:\/\/parkhotel-lippstadt.de\/lippstadt-und-umgebung\/#primaryimage"},"thumbnailUrl":"https:\/\/parkhotel-lippstadt.de\/wp-content\/uploads\/2020\/08\/Aussenfassade.jpg","datePublished":"2020-08-23T15:10:27+00:00","dateModified":"2024-10-14T05:53:40+00:00","breadcrumb":{"@id":"https:\/\/parkhotel-lippstadt.de\/lippstadt-und-umgebung\/#breadcrumb"},"inLanguage":"en-US","potentialAction":[{"@type":"ReadAction","target":["https:\/\/parkhotel-lippstadt.de\/lippstadt-und-umgebung\/"]}]},{"@type":"ImageObject","inLanguage":"en-US","@id":"https:\/\/parkhotel-lippstadt.de\/lippstadt-und-umgebung\/#primaryimage","url":"https:\/\/parkhotel-lippstadt.de\/wp-content\/uploads\/2020\/08\/Aussenfassade.jpg","contentUrl":"https:\/\/parkhotel-lippstadt.de\/wp-content\/uploads\/2020\/08\/Aussenfassade.jpg","width":868,"height":878},{"@type":"BreadcrumbList","@id":"https:\/\/parkhotel-lippstadt.de\/lippstadt-und-umgebung\/#breadcrumb","itemListElement":[{"@type":"ListItem","position":1,"name":"Startseite","item":"https:\/\/parkhotel-lippstadt.de\/"},{"@type":"ListItem","position":2,"name":"In der N\u00e4he"}]},{"@type":"WebSite","@id":"https:\/\/parkhotel-lippstadt.de\/#website","url":"https:\/\/parkhotel-lippstadt.de\/","name":"","description":"","potentialAction":[{"@type":"SearchAction","target":{"@type":"EntryPoint","urlTemplate":"https:\/\/parkhotel-lippstadt.de\/?s={search_term_string}"},"query-input":{"@type":"PropertyValueSpecification","valueRequired":true,"valueName":"search_term_string"}}],"inLanguage":"en-US"}]}},"jetpack_sharing_enabled":true,"amp_enabled":true,"_links":{"self":[{"href":"https:\/\/parkhotel-lippstadt.de\/en\/wp-json\/wp\/v2\/pages\/35","targetHints":{"allow":["GET"]}}],"collection":[{"href":"https:\/\/parkhotel-lippstadt.de\/en\/wp-json\/wp\/v2\/pages"}],"about":[{"href":"https:\/\/parkhotel-lippstadt.de\/en\/wp-json\/wp\/v2\/types\/page"}],"author":[{"embeddable":true,"href":"https:\/\/parkhotel-lippstadt.de\/en\/wp-json\/wp\/v2\/users\/2"}],"replies":[{"embeddable":true,"href":"https:\/\/parkhotel-lippstadt.de\/en\/wp-json\/wp\/v2\/comments?post=35"}],"version-history":[{"count":21,"href":"https:\/\/parkhotel-lippstadt.de\/en\/wp-json\/wp\/v2\/pages\/35\/revisions"}],"predecessor-version":[{"id":8805,"href":"https:\/\/parkhotel-lippstadt.de\/en\/wp-json\/wp\/v2\/pages\/35\/revisions\/8805"}],"wp:featuredmedia":[{"embeddable":true,"href":"https:\/\/parkhotel-lippstadt.de\/en\/wp-json\/wp\/v2\/media\/392"}],"wp:attachment":[{"href":"https:\/\/parkhotel-lippstadt.de\/en\/wp-json\/wp\/v2\/media?parent=35"}],"curies":[{"name":"wp","href":"https:\/\/api.w.org\/{rel}","templated":true}]}}