{"id":3689,"date":"2022-08-09T08:47:26","date_gmt":"2022-08-09T06:47:26","guid":{"rendered":"https:\/\/parkhotel-lippstadt.de\/?page_id=3689"},"modified":"2022-08-09T10:03:11","modified_gmt":"2022-08-09T08:03:11","slug":"check-in-check-out","status":"publish","type":"page","link":"https:\/\/parkhotel-lippstadt.de\/en\/check-in-check-out\/","title":{"rendered":"Check-in\/ Check-out"},"content":{"rendered":"<h3 class=\"wp-block-heading\">Check-in from 3 p.m. until late at night!<\/h3>\n\n\n\n<h4 class=\"wp-block-heading\">NOT EVERYTHING CAN BE PLANNED.<br>OUR CHECK-IN MACHINE OFFERS OUR GUESTS THE GREATEST POSSIBLE FLEXIBILITY<\/h4>\n\n\n\n<p>Whether business travelers or tourists - all our guests are happy to be able to check in flexibly and independently at any time of day or night at the check-in machine. Regardless of whether you have previously booked via a booking portal, our own website or by telephone or e-mail, the machine will guide you through the self-check-in process in just a few steps.&nbsp;<\/p>\n\n\n<div class=\"wp-block-image\">\n<figure class=\"aligncenter size-full is-resized\"><img loading=\"lazy\" decoding=\"async\" src=\"https:\/\/parkhotel-lippstadt.de\/wp-content\/uploads\/2022\/08\/Ariane-Check-in-Automat-1.jpeg\" alt=\"\" class=\"wp-image-3696\" width=\"395\" height=\"507\" srcset=\"https:\/\/parkhotel-lippstadt.de\/wp-content\/uploads\/2022\/08\/Ariane-Check-in-Automat-1.jpeg 729w, https:\/\/parkhotel-lippstadt.de\/wp-content\/uploads\/2022\/08\/Ariane-Check-in-Automat-1-234x300.jpeg 234w, https:\/\/parkhotel-lippstadt.de\/wp-content\/uploads\/2022\/08\/Ariane-Check-in-Automat-1-9x12.jpeg 9w\" sizes=\"auto, (max-width: 395px) 100vw, 395px\" \/><\/figure>\n<\/div>\n\n\n<p style=\"font-size:35px\"><strong>Check-in<\/strong><\/p>\n\n\n\n<p>If you arrive during reception hours, you can do this as usual with our colleagues.<\/p>\n\n\n\n<p>If you arrive outside our reception hours, please use our check-in machine at the back of the building right next to the reception. There you can pay, you will receive your room key and a receipt for the payment with your room number.<\/p>\n\n\n\n<p>The black transponder on the key ring opens the main entrance door. <br>In the room you will find a guest folder with important information as well as our W-LAN access.<\/p>\n\n\n\n<h4 class=\"wp-block-heading\" style=\"font-size:35px\">Check-out<\/h4>\n\n\n\n<p>To check out, leave the key at the reception below. There you can also request an invoice for your overnight stay. <\/p>\n\n\n\n<p>We will then invoice you for any open costs as requested.<\/p>\n\n\n\n<h4 class=\"wp-block-heading\" style=\"font-size:26px\">PLEASE NOTE THAT THE MACHINE ONLY ACCEPT CARD PAYMENT. (VISA, V-PAY, MAESTRO, GIROCARD, MASTERCARD)<\/h4>\n\n\n\n<p>If you have already paid in advance, this is noted in the check-in machine and no further payment is required.<br>Additionally booked services as well as the resort tax of the municipality of Bad-Waldliesborn can be conveniently paid at the machine.<\/p>\n\n\n\n<p>We would also like to point out that the payment for your overnight stay is due at the latest at the time of check-in. This also enables you to check out without contact at any time.<\/p>","protected":false},"excerpt":{"rendered":"<p>Check-in ab 15:00 bis sp\u00e4t in die Nacht! NICHT ALLES IST PLANBAR.UNSER CHECK-IN-AUTOMAT BIETET UNSEREN G\u00c4STEN GR\u00d6SSTM\u00d6GLICHE FLEXIBILIT\u00c4T Ob Gesch\u00e4ftsreisender oder Tourist \u2013 alle unsere G\u00e4ste freuen sich, am Check-in-Automat flexibel und unabh\u00e4ngig zu jeder Tages- und Nachtzeit einchecken zu k\u00f6nnen. Egal ob Sie zuvor \u00fcber ein Buchungsportal, unsere eigene Homepage oder telefonisch bzw. per<a class=\"more-link\" href=\"https:\/\/parkhotel-lippstadt.de\/en\/check-in-check-out\/\">Continue reading <span class=\"screen-reader-text\">&#8222;Check-in\/ Check-out&#8220;<\/span><\/a><\/p>","protected":false},"author":2,"featured_media":0,"parent":0,"menu_order":0,"comment_status":"closed","ping_status":"closed","template":"","meta":{"_coblocks_attr":"","_coblocks_dimensions":"","_coblocks_responsive_height":"","_coblocks_accordion_ie_support":"","footnotes":""},"class_list":["post-3689","page","type-page","status-publish","hentry","entry"],"yoast_head":"<!-- This site is optimized with the Yoast SEO plugin v27.4 - https:\/\/yoast.com\/product\/yoast-seo-wordpress\/ -->\n<title>Check-in\/ Check-out -<\/title>\n<meta name=\"description\" content=\"Ein Check-in ist ab 15:00 m\u00f6glich. Unser Self-Check-In Kiosk erm\u00f6glicht einen Check-in rund um die Uhr!\" \/>\n<meta name=\"robots\" content=\"index, follow, max-snippet:-1, max-image-preview:large, max-video-preview:-1\" \/>\n<link rel=\"canonical\" href=\"https:\/\/parkhotel-lippstadt.de\/en\/check-in-check-out\/\" \/>\n<meta property=\"og:locale\" content=\"en_US\" \/>\n<meta property=\"og:type\" content=\"article\" \/>\n<meta property=\"og:title\" content=\"Check-in\/ Check-out -\" \/>\n<meta property=\"og:description\" content=\"Ein Check-in ist ab 15:00 m\u00f6glich. Unser Self-Check-In Kiosk erm\u00f6glicht einen Check-in rund um die Uhr!\" \/>\n<meta property=\"og:url\" content=\"https:\/\/parkhotel-lippstadt.de\/en\/check-in-check-out\/\" \/>\n<meta property=\"article:modified_time\" content=\"2022-08-09T08:03:11+00:00\" \/>\n<meta property=\"og:image\" content=\"https:\/\/parkhotel-lippstadt.de\/wp-content\/uploads\/2022\/08\/Ariane-Check-in-Automat-1.jpeg\" \/>\n<meta name=\"twitter:card\" content=\"summary_large_image\" \/>\n<meta name=\"twitter:label1\" content=\"Est. reading time\" \/>\n\t<meta name=\"twitter:data1\" content=\"2 minutes\" \/>\n<script type=\"application\/ld+json\" class=\"yoast-schema-graph\">{\"@context\":\"https:\\\/\\\/schema.org\",\"@graph\":[{\"@type\":\"WebPage\",\"@id\":\"https:\\\/\\\/parkhotel-lippstadt.de\\\/check-in-check-out\\\/\",\"url\":\"https:\\\/\\\/parkhotel-lippstadt.de\\\/check-in-check-out\\\/\",\"name\":\"Check-in\\\/ Check-out -\",\"isPartOf\":{\"@id\":\"https:\\\/\\\/parkhotel-lippstadt.de\\\/#website\"},\"primaryImageOfPage\":{\"@id\":\"https:\\\/\\\/parkhotel-lippstadt.de\\\/check-in-check-out\\\/#primaryimage\"},\"image\":{\"@id\":\"https:\\\/\\\/parkhotel-lippstadt.de\\\/check-in-check-out\\\/#primaryimage\"},\"thumbnailUrl\":\"https:\\\/\\\/parkhotel-lippstadt.de\\\/wp-content\\\/uploads\\\/2022\\\/08\\\/Ariane-Check-in-Automat-1.jpeg\",\"datePublished\":\"2022-08-09T06:47:26+00:00\",\"dateModified\":\"2022-08-09T08:03:11+00:00\",\"description\":\"Ein Check-in ist ab 15:00 m\u00f6glich. Unser Self-Check-In Kiosk erm\u00f6glicht einen Check-in rund um die Uhr!\",\"breadcrumb\":{\"@id\":\"https:\\\/\\\/parkhotel-lippstadt.de\\\/check-in-check-out\\\/#breadcrumb\"},\"inLanguage\":\"en-US\",\"potentialAction\":[{\"@type\":\"ReadAction\",\"target\":[\"https:\\\/\\\/parkhotel-lippstadt.de\\\/check-in-check-out\\\/\"]}]},{\"@type\":\"ImageObject\",\"inLanguage\":\"en-US\",\"@id\":\"https:\\\/\\\/parkhotel-lippstadt.de\\\/check-in-check-out\\\/#primaryimage\",\"url\":\"https:\\\/\\\/parkhotel-lippstadt.de\\\/wp-content\\\/uploads\\\/2022\\\/08\\\/Ariane-Check-in-Automat-1.jpeg\",\"contentUrl\":\"https:\\\/\\\/parkhotel-lippstadt.de\\\/wp-content\\\/uploads\\\/2022\\\/08\\\/Ariane-Check-in-Automat-1.jpeg\"},{\"@type\":\"BreadcrumbList\",\"@id\":\"https:\\\/\\\/parkhotel-lippstadt.de\\\/check-in-check-out\\\/#breadcrumb\",\"itemListElement\":[{\"@type\":\"ListItem\",\"position\":1,\"name\":\"Startseite\",\"item\":\"https:\\\/\\\/parkhotel-lippstadt.de\\\/\"},{\"@type\":\"ListItem\",\"position\":2,\"name\":\"Check-in\\\/ Check-out\"}]},{\"@type\":\"WebSite\",\"@id\":\"https:\\\/\\\/parkhotel-lippstadt.de\\\/#website\",\"url\":\"https:\\\/\\\/parkhotel-lippstadt.de\\\/\",\"name\":\"\",\"description\":\"\",\"potentialAction\":[{\"@type\":\"SearchAction\",\"target\":{\"@type\":\"EntryPoint\",\"urlTemplate\":\"https:\\\/\\\/parkhotel-lippstadt.de\\\/?s={search_term_string}\"},\"query-input\":{\"@type\":\"PropertyValueSpecification\",\"valueRequired\":true,\"valueName\":\"search_term_string\"}}],\"inLanguage\":\"en-US\"}]}<\/script>\n<!-- \/ Yoast SEO plugin. -->","yoast_head_json":{"title":"Check-in\/ Check-out -","description":"Ein Check-in ist ab 15:00 m\u00f6glich. Unser Self-Check-In Kiosk erm\u00f6glicht einen Check-in rund um die Uhr!","robots":{"index":"index","follow":"follow","max-snippet":"max-snippet:-1","max-image-preview":"max-image-preview:large","max-video-preview":"max-video-preview:-1"},"canonical":"https:\/\/parkhotel-lippstadt.de\/en\/check-in-check-out\/","og_locale":"en_US","og_type":"article","og_title":"Check-in\/ Check-out -","og_description":"Ein Check-in ist ab 15:00 m\u00f6glich. Unser Self-Check-In Kiosk erm\u00f6glicht einen Check-in rund um die Uhr!","og_url":"https:\/\/parkhotel-lippstadt.de\/en\/check-in-check-out\/","article_modified_time":"2022-08-09T08:03:11+00:00","og_image":[{"url":"https:\/\/parkhotel-lippstadt.de\/wp-content\/uploads\/2022\/08\/Ariane-Check-in-Automat-1.jpeg","type":"","width":"","height":""}],"twitter_card":"summary_large_image","twitter_misc":{"Est. reading time":"2 minutes"},"schema":{"@context":"https:\/\/schema.org","@graph":[{"@type":"WebPage","@id":"https:\/\/parkhotel-lippstadt.de\/check-in-check-out\/","url":"https:\/\/parkhotel-lippstadt.de\/check-in-check-out\/","name":"Check-in\/ Check-out -","isPartOf":{"@id":"https:\/\/parkhotel-lippstadt.de\/#website"},"primaryImageOfPage":{"@id":"https:\/\/parkhotel-lippstadt.de\/check-in-check-out\/#primaryimage"},"image":{"@id":"https:\/\/parkhotel-lippstadt.de\/check-in-check-out\/#primaryimage"},"thumbnailUrl":"https:\/\/parkhotel-lippstadt.de\/wp-content\/uploads\/2022\/08\/Ariane-Check-in-Automat-1.jpeg","datePublished":"2022-08-09T06:47:26+00:00","dateModified":"2022-08-09T08:03:11+00:00","description":"Ein Check-in ist ab 15:00 m\u00f6glich. Unser Self-Check-In Kiosk erm\u00f6glicht einen Check-in rund um die Uhr!","breadcrumb":{"@id":"https:\/\/parkhotel-lippstadt.de\/check-in-check-out\/#breadcrumb"},"inLanguage":"en-US","potentialAction":[{"@type":"ReadAction","target":["https:\/\/parkhotel-lippstadt.de\/check-in-check-out\/"]}]},{"@type":"ImageObject","inLanguage":"en-US","@id":"https:\/\/parkhotel-lippstadt.de\/check-in-check-out\/#primaryimage","url":"https:\/\/parkhotel-lippstadt.de\/wp-content\/uploads\/2022\/08\/Ariane-Check-in-Automat-1.jpeg","contentUrl":"https:\/\/parkhotel-lippstadt.de\/wp-content\/uploads\/2022\/08\/Ariane-Check-in-Automat-1.jpeg"},{"@type":"BreadcrumbList","@id":"https:\/\/parkhotel-lippstadt.de\/check-in-check-out\/#breadcrumb","itemListElement":[{"@type":"ListItem","position":1,"name":"Startseite","item":"https:\/\/parkhotel-lippstadt.de\/"},{"@type":"ListItem","position":2,"name":"Check-in\/ Check-out"}]},{"@type":"WebSite","@id":"https:\/\/parkhotel-lippstadt.de\/#website","url":"https:\/\/parkhotel-lippstadt.de\/","name":"","description":"","potentialAction":[{"@type":"SearchAction","target":{"@type":"EntryPoint","urlTemplate":"https:\/\/parkhotel-lippstadt.de\/?s={search_term_string}"},"query-input":{"@type":"PropertyValueSpecification","valueRequired":true,"valueName":"search_term_string"}}],"inLanguage":"en-US"}]}},"jetpack_sharing_enabled":true,"amp_enabled":true,"_links":{"self":[{"href":"https:\/\/parkhotel-lippstadt.de\/en\/wp-json\/wp\/v2\/pages\/3689","targetHints":{"allow":["GET"]}}],"collection":[{"href":"https:\/\/parkhotel-lippstadt.de\/en\/wp-json\/wp\/v2\/pages"}],"about":[{"href":"https:\/\/parkhotel-lippstadt.de\/en\/wp-json\/wp\/v2\/types\/page"}],"author":[{"embeddable":true,"href":"https:\/\/parkhotel-lippstadt.de\/en\/wp-json\/wp\/v2\/users\/2"}],"replies":[{"embeddable":true,"href":"https:\/\/parkhotel-lippstadt.de\/en\/wp-json\/wp\/v2\/comments?post=3689"}],"version-history":[{"count":7,"href":"https:\/\/parkhotel-lippstadt.de\/en\/wp-json\/wp\/v2\/pages\/3689\/revisions"}],"predecessor-version":[{"id":3711,"href":"https:\/\/parkhotel-lippstadt.de\/en\/wp-json\/wp\/v2\/pages\/3689\/revisions\/3711"}],"wp:attachment":[{"href":"https:\/\/parkhotel-lippstadt.de\/en\/wp-json\/wp\/v2\/media?parent=3689"}],"curies":[{"name":"wp","href":"https:\/\/api.w.org\/{rel}","templated":true}]}}