{"id":8,"date":"2020-08-13T16:31:14","date_gmt":"2020-08-13T14:31:14","guid":{"rendered":"https:\/\/parkhotel-lippstadt.de\/?page_id=8"},"modified":"2023-08-18T10:11:10","modified_gmt":"2023-08-18T08:11:10","slug":"contact","status":"publish","type":"page","link":"https:\/\/parkhotel-lippstadt.de\/en\/contact\/","title":{"rendered":"Directions and contact"},"content":{"rendered":"<div class=\"wp-block-group alignfull has-background-background-color has-background\"><div class=\"wp-block-group__inner-container is-layout-flow wp-block-group-is-layout-flow\">\n<div class=\"wp-block-jetpack-layout-grid alignfull column1-desktop-grid__span-6 column1-desktop-grid__row-1 column2-desktop-grid__span-6 column2-desktop-grid__start-7 column2-desktop-grid__row-1 column1-tablet-grid__span-4 column1-tablet-grid__row-1 column2-tablet-grid__span-4 column2-tablet-grid__start-5 column2-tablet-grid__row-1 column1-mobile-grid__span-4 column1-mobile-grid__row-1 column2-mobile-grid__span-4 column2-mobile-grid__row-2\">\n<div class=\"wp-block-jetpack-layout-grid-column wp-block-jetpack-layout-grid__padding-none\">\n<p class=\"has-secondary-color has-text-color\"><strong>Important notice:<\/strong><\/p>\n\n\n\n<p class=\"has-secondary-color has-text-color\"><strong>If our main parking lot is full, please park on the Liesbornerstr.<\/strong><\/p>\n\n\n\n<p class=\"has-secondary-color has-text-color\"><strong> <\/strong><img loading=\"lazy\" decoding=\"async\" width=\"300\" height=\"248\" class=\"wp-image-6195\" style=\"width: 300px;\" src=\"https:\/\/parkhotel-lippstadt.de\/wp-content\/uploads\/2023\/08\/Parkplaetze.png\" alt=\"\" srcset=\"https:\/\/parkhotel-lippstadt.de\/wp-content\/uploads\/2023\/08\/Parkplaetze.png 424w, https:\/\/parkhotel-lippstadt.de\/wp-content\/uploads\/2023\/08\/Parkplaetze-300x248.png 300w, https:\/\/parkhotel-lippstadt.de\/wp-content\/uploads\/2023\/08\/Parkplaetze-14x12.png 14w\" sizes=\"auto, (max-width: 300px) 100vw, 300px\" \/><\/p>\n\n\n\n<p>F\u00fcr&nbsp;Zimmerreservierungen&nbsp;nutzen Sie bitte das Formular: <\/p>\n\n\n\n<div id=\"d21-quickbook\" data-d21=\"{'hasHorizontalOrientation':true}\"><\/div>\n\n\n\n<p>F\u00fcr&nbsp;Gruppenanfragen&nbsp;f\u00fcr 5 Zimmer und mehr senden Sie uns bitte die folgenden Informationen: Anzahl Personen und Zimmer sowie das Anreise- und Abreisedatum. <\/p>\n\n\n\n<p><\/p>\n\n\n\n<div class=\"wpcf7 no-js\" id=\"wpcf7-f436-o1\" lang=\"de-DE\" dir=\"ltr\" data-wpcf7-id=\"436\">\n<div class=\"screen-reader-response\"><p role=\"status\" aria-live=\"polite\" aria-atomic=\"true\"><\/p> <ul><\/ul><\/div>\n<form action=\"\/en\/wp-json\/wp\/v2\/pages\/8#wpcf7-f436-o1\" method=\"post\" class=\"wpcf7-form init\" aria-label=\"Kontaktformular\" novalidate=\"novalidate\" data-status=\"init\" data-trp-original-action=\"\/en\/wp-json\/wp\/v2\/pages\/8#wpcf7-f436-o1\">\n<fieldset class=\"hidden-fields-container\"><input type=\"hidden\" name=\"_wpcf7\" value=\"436\" \/><input type=\"hidden\" name=\"_wpcf7_version\" value=\"6.1.5\" \/><input type=\"hidden\" name=\"_wpcf7_locale\" value=\"de_DE\" \/><input type=\"hidden\" name=\"_wpcf7_unit_tag\" value=\"wpcf7-f436-o1\" \/><input type=\"hidden\" name=\"_wpcf7_container_post\" value=\"0\" \/><input type=\"hidden\" name=\"_wpcf7_posted_data_hash\" value=\"\" \/>\n<\/fieldset>\n<p><span id=\"wpcf7-69e611b616d91-wrapper\" class=\"wpcf7-form-control-wrap newname-537-wrap\" style=\"display:none !important; visibility:hidden !important;\"><label for=\"wpcf7-69e611b616d91-field\" class=\"hp-message\">Bitte lasse dieses Feld leer.<\/label><input id=\"wpcf7-69e611b616d91-field\"  class=\"wpcf7-form-control wpcf7-text\" type=\"text\" name=\"newname-537\" value=\"\" size=\"40\" tabindex=\"-1\" autocomplete=\"new-password\" \/><\/span><label> Your Name (required)<br \/>\n<span class=\"wpcf7-form-control-wrap\" data-name=\"your-name\"><input size=\"40\" maxlength=\"400\" class=\"wpcf7-form-control wpcf7-text wpcf7-validates-as-required\" aria-required=\"true\" aria-invalid=\"false\" value=\"\" type=\"text\" name=\"your-name\" \/><\/span> <\/label>\n<\/p>\n<p><label> Your e-eail-adress (required)<br \/>\n<span class=\"wpcf7-form-control-wrap\" data-name=\"your-email\"><input size=\"40\" maxlength=\"400\" class=\"wpcf7-form-control wpcf7-email wpcf7-validates-as-required wpcf7-text wpcf7-validates-as-email\" aria-required=\"true\" aria-invalid=\"false\" value=\"\" type=\"email\" name=\"your-email\" \/><\/span> <\/label>\n<\/p>\n<p><label> Subject<br \/>\n<span class=\"wpcf7-form-control-wrap\" data-name=\"your-subject\"><input size=\"40\" maxlength=\"400\" class=\"wpcf7-form-control wpcf7-text\" aria-invalid=\"false\" value=\"\" type=\"text\" name=\"your-subject\" \/><\/span> <\/label>\n<\/p>\n<p><span id=\"wpcf7-69e611b61700a-wrapper\" class=\"wpcf7-form-control-wrap newname-537-wrap\" style=\"display:none !important; visibility:hidden !important;\"><label for=\"wpcf7-69e611b61700a-field\" class=\"hp-message\">Bitte lasse dieses Feld leer.<\/label><input id=\"wpcf7-69e611b61700a-field\"  class=\"wpcf7-form-control wpcf7-text\" type=\"text\" name=\"newname-537\" value=\"\" size=\"40\" tabindex=\"-1\" autocomplete=\"new-password\" \/><\/span>\n<\/p>\n<p><label> Your message<br \/>\n<span class=\"wpcf7-form-control-wrap\" data-name=\"your-message\"><textarea cols=\"40\" rows=\"10\" maxlength=\"2000\" class=\"wpcf7-form-control wpcf7-textarea\" aria-invalid=\"false\" name=\"your-message\"><\/textarea><\/span> <\/label>\n<\/p>\n<p><input class=\"wpcf7-form-control wpcf7-submit has-spinner\" type=\"submit\" value=\"Send\" \/>\n<\/p><p style=\"display: none !important;\" class=\"akismet-fields-container\" data-prefix=\"_wpcf7_ak_\"><label>&#916;<textarea name=\"_wpcf7_ak_hp_textarea\" cols=\"45\" rows=\"8\" maxlength=\"100\"><\/textarea><\/label><input type=\"hidden\" id=\"ak_js_1\" name=\"_wpcf7_ak_js\" value=\"179\"\/><script>document.getElementById( \"ak_js_1\" ).setAttribute( \"value\", ( new Date() ).getTime() );<\/script><\/p><div class=\"wpcf7-response-output\" aria-hidden=\"true\"><\/div>\n<input type=\"hidden\" name=\"trp-form-language\" value=\"en\"\/><\/form>\n<\/div>\n\n\n\n\n<p><\/p>\n<\/div>\n\n\n\n<div class=\"wp-block-jetpack-layout-grid-column wp-block-jetpack-layout-grid__padding-none\">\n<div class=\"wp-block-jetpack-contact-info\">\n<div class=\"wp-block-jetpack-address\"><a href=\"https:\/\/www.google.com\/maps\/search\/Parkhotel+Lippstadt,Im Kreuzkamp 10,+Lippstadt (Bad Waldliesborn),+59556+Deutschland\" target=\"_blank\" rel=\"noopener noreferrer\" title=\"Open in Google Maps\"><div class=\"jetpack-address__address jetpack-address__address1\">Parkhotel Lippstadt<\/div><div class=\"jetpack-address__address jetpack-address__address2\">Im Kreuzkamp 10<\/div><div><span class=\"jetpack-address__city\">Lippstadt (Bad Waldliesborn)<\/span>, <span class=\"jetpack-address__region\"><\/span> <span class=\"jetpack-address__postal\">59556<\/span><\/div><div class=\"jetpack-address__country\">Deutschland<\/div><\/a><\/div>\n\n\n\n<div class=\"wp-block-jetpack-email\"><a href=\"mailto:info@parkhotel-lippstadt.de\">info@parkhotel-lippstadt.de<\/a><\/div>\n\n\n\n<div class=\"wp-block-jetpack-phone\"><span class=\"phone-prefix\">Tel.: <\/span><a href=\"tel:029418820\">02941 8820\n<\/a><\/div>\n\n\n\n<div class=\"wp-block-jetpack-phone\"><span class=\"phone-prefix\">Fax: <\/span><a href=\"tel:0294188240\">02941 88240<\/a><\/div>\n\n\n\n<p><\/p>\n<\/div>\n\n\n\n<div style=\"min-height:400px\" data-map-attr=\"\/qaddress\/q:\/qIm Kreuzkamp 10, Lippstadt\/q||\/qlat\/q:\/qundefined\/q||\/qlng\/q:\/qundefined\/q||\/qskin\/q:\/qstandard\/q||\/qzoom\/q:\/q15\/q||\/qiconSize\/q:\/q36\/q||\/qmapTypeControl\/q:\/qtrue\/q||\/qzoomControl\/q:\/qtrue\/q||\/qstreetViewControl\/q:\/qtrue\/q||\/qfullscreenControl\/q:\/qtrue\/q\" class=\"wp-block-coblocks-map\"><iframe title=\"Google Maps\" frameborder=\"0\" style=\"width:100%;min-height:400px\" src=\"https:\/\/www.google.com\/maps?q=Im%20Kreuzkamp%2010%2C%20Lippstadt&amp;output=embed&amp;hl=de-DE&amp;z=15\"><\/iframe><\/div>\n<\/div>\n<\/div>\n\n\n\n<p><\/p>\n<\/div><\/div>\n\n\n\n<div style=\"height:64px\" aria-hidden=\"true\" class=\"wp-block-spacer\"><\/div>\n\n\n\n<p><\/p>","protected":false},"excerpt":{"rendered":"<p>Wichtiger Hinweis: Falls unser Hauptparkplatz voll sein sollte, bitte parken Sie an der Liesbornerstra\u00dfe. F\u00fcr&nbsp;Zimmerreservierungen&nbsp;nutzen Sie bitte das Formular: F\u00fcr&nbsp;Gruppenanfragen&nbsp;f\u00fcr 5 Zimmer und mehr senden Sie uns bitte die folgenden Informationen: Anzahl Personen und Zimmer sowie das Anreise- und Abreisedatum.<\/p>","protected":false},"author":2,"featured_media":392,"parent":0,"menu_order":0,"comment_status":"closed","ping_status":"closed","template":"","meta":{"_coblocks_attr":"","_coblocks_dimensions":"","_coblocks_responsive_height":"","_coblocks_accordion_ie_support":"","footnotes":""},"class_list":["post-8","page","type-page","status-publish","has-post-thumbnail","hentry","entry"],"yoast_head":"<!-- This site is optimized with the Yoast SEO plugin v27.4 - https:\/\/yoast.com\/product\/yoast-seo-wordpress\/ -->\n<title>Anfahrt und Kontakt -<\/title>\n<meta name=\"robots\" content=\"index, follow, max-snippet:-1, max-image-preview:large, max-video-preview:-1\" \/>\n<link rel=\"canonical\" href=\"https:\/\/parkhotel-lippstadt.de\/en\/contact\/\" \/>\n<meta property=\"og:locale\" content=\"en_US\" \/>\n<meta property=\"og:type\" content=\"article\" \/>\n<meta property=\"og:title\" content=\"Anfahrt und Kontakt -\" \/>\n<meta property=\"og:description\" content=\"Wichtiger Hinweis: Falls unser Hauptparkplatz voll sein sollte, bitte parken Sie an der Liesbornerstra\u00dfe. F\u00fcr&nbsp;Zimmerreservierungen&nbsp;nutzen Sie bitte das Formular: F\u00fcr&nbsp;Gruppenanfragen&nbsp;f\u00fcr 5 Zimmer und mehr senden Sie uns bitte die folgenden Informationen: Anzahl Personen und Zimmer sowie das Anreise- und Abreisedatum.\" \/>\n<meta property=\"og:url\" content=\"https:\/\/parkhotel-lippstadt.de\/en\/contact\/\" \/>\n<meta property=\"article:modified_time\" content=\"2023-08-18T08:11:10+00:00\" \/>\n<meta property=\"og:image\" content=\"https:\/\/parkhotel-lippstadt.de\/wp-content\/uploads\/2020\/08\/Aussenfassade.jpg\" \/>\n\t<meta property=\"og:image:width\" content=\"868\" \/>\n\t<meta property=\"og:image:height\" content=\"878\" \/>\n\t<meta property=\"og:image:type\" content=\"image\/jpeg\" \/>\n<meta name=\"twitter:card\" content=\"summary_large_image\" \/>\n<meta name=\"twitter:label1\" content=\"Est. reading time\" \/>\n\t<meta name=\"twitter:data1\" content=\"1 minute\" \/>\n<script type=\"application\/ld+json\" class=\"yoast-schema-graph\">{\"@context\":\"https:\\\/\\\/schema.org\",\"@graph\":[{\"@type\":\"WebPage\",\"@id\":\"https:\\\/\\\/parkhotel-lippstadt.de\\\/contact\\\/\",\"url\":\"https:\\\/\\\/parkhotel-lippstadt.de\\\/contact\\\/\",\"name\":\"Anfahrt und Kontakt -\",\"isPartOf\":{\"@id\":\"https:\\\/\\\/parkhotel-lippstadt.de\\\/#website\"},\"primaryImageOfPage\":{\"@id\":\"https:\\\/\\\/parkhotel-lippstadt.de\\\/contact\\\/#primaryimage\"},\"image\":{\"@id\":\"https:\\\/\\\/parkhotel-lippstadt.de\\\/contact\\\/#primaryimage\"},\"thumbnailUrl\":\"https:\\\/\\\/parkhotel-lippstadt.de\\\/wp-content\\\/uploads\\\/2020\\\/08\\\/Aussenfassade.jpg\",\"datePublished\":\"2020-08-13T14:31:14+00:00\",\"dateModified\":\"2023-08-18T08:11:10+00:00\",\"breadcrumb\":{\"@id\":\"https:\\\/\\\/parkhotel-lippstadt.de\\\/contact\\\/#breadcrumb\"},\"inLanguage\":\"en-US\",\"potentialAction\":[{\"@type\":\"ReadAction\",\"target\":[\"https:\\\/\\\/parkhotel-lippstadt.de\\\/contact\\\/\"]}]},{\"@type\":\"ImageObject\",\"inLanguage\":\"en-US\",\"@id\":\"https:\\\/\\\/parkhotel-lippstadt.de\\\/contact\\\/#primaryimage\",\"url\":\"https:\\\/\\\/parkhotel-lippstadt.de\\\/wp-content\\\/uploads\\\/2020\\\/08\\\/Aussenfassade.jpg\",\"contentUrl\":\"https:\\\/\\\/parkhotel-lippstadt.de\\\/wp-content\\\/uploads\\\/2020\\\/08\\\/Aussenfassade.jpg\",\"width\":868,\"height\":878},{\"@type\":\"BreadcrumbList\",\"@id\":\"https:\\\/\\\/parkhotel-lippstadt.de\\\/contact\\\/#breadcrumb\",\"itemListElement\":[{\"@type\":\"ListItem\",\"position\":1,\"name\":\"Startseite\",\"item\":\"https:\\\/\\\/parkhotel-lippstadt.de\\\/\"},{\"@type\":\"ListItem\",\"position\":2,\"name\":\"Anfahrt und Kontakt\"}]},{\"@type\":\"WebSite\",\"@id\":\"https:\\\/\\\/parkhotel-lippstadt.de\\\/#website\",\"url\":\"https:\\\/\\\/parkhotel-lippstadt.de\\\/\",\"name\":\"\",\"description\":\"\",\"potentialAction\":[{\"@type\":\"SearchAction\",\"target\":{\"@type\":\"EntryPoint\",\"urlTemplate\":\"https:\\\/\\\/parkhotel-lippstadt.de\\\/?s={search_term_string}\"},\"query-input\":{\"@type\":\"PropertyValueSpecification\",\"valueRequired\":true,\"valueName\":\"search_term_string\"}}],\"inLanguage\":\"en-US\"}]}<\/script>\n<!-- \/ Yoast SEO plugin. -->","yoast_head_json":{"title":"Anfahrt und Kontakt -","robots":{"index":"index","follow":"follow","max-snippet":"max-snippet:-1","max-image-preview":"max-image-preview:large","max-video-preview":"max-video-preview:-1"},"canonical":"https:\/\/parkhotel-lippstadt.de\/en\/contact\/","og_locale":"en_US","og_type":"article","og_title":"Anfahrt und Kontakt -","og_description":"Wichtiger Hinweis: Falls unser Hauptparkplatz voll sein sollte, bitte parken Sie an der Liesbornerstra\u00dfe. F\u00fcr&nbsp;Zimmerreservierungen&nbsp;nutzen Sie bitte das Formular: F\u00fcr&nbsp;Gruppenanfragen&nbsp;f\u00fcr 5 Zimmer und mehr senden Sie uns bitte die folgenden Informationen: Anzahl Personen und Zimmer sowie das Anreise- und Abreisedatum.","og_url":"https:\/\/parkhotel-lippstadt.de\/en\/contact\/","article_modified_time":"2023-08-18T08:11:10+00:00","og_image":[{"width":868,"height":878,"url":"https:\/\/parkhotel-lippstadt.de\/wp-content\/uploads\/2020\/08\/Aussenfassade.jpg","type":"image\/jpeg"}],"twitter_card":"summary_large_image","twitter_misc":{"Est. reading time":"1 minute"},"schema":{"@context":"https:\/\/schema.org","@graph":[{"@type":"WebPage","@id":"https:\/\/parkhotel-lippstadt.de\/contact\/","url":"https:\/\/parkhotel-lippstadt.de\/contact\/","name":"Anfahrt und Kontakt -","isPartOf":{"@id":"https:\/\/parkhotel-lippstadt.de\/#website"},"primaryImageOfPage":{"@id":"https:\/\/parkhotel-lippstadt.de\/contact\/#primaryimage"},"image":{"@id":"https:\/\/parkhotel-lippstadt.de\/contact\/#primaryimage"},"thumbnailUrl":"https:\/\/parkhotel-lippstadt.de\/wp-content\/uploads\/2020\/08\/Aussenfassade.jpg","datePublished":"2020-08-13T14:31:14+00:00","dateModified":"2023-08-18T08:11:10+00:00","breadcrumb":{"@id":"https:\/\/parkhotel-lippstadt.de\/contact\/#breadcrumb"},"inLanguage":"en-US","potentialAction":[{"@type":"ReadAction","target":["https:\/\/parkhotel-lippstadt.de\/contact\/"]}]},{"@type":"ImageObject","inLanguage":"en-US","@id":"https:\/\/parkhotel-lippstadt.de\/contact\/#primaryimage","url":"https:\/\/parkhotel-lippstadt.de\/wp-content\/uploads\/2020\/08\/Aussenfassade.jpg","contentUrl":"https:\/\/parkhotel-lippstadt.de\/wp-content\/uploads\/2020\/08\/Aussenfassade.jpg","width":868,"height":878},{"@type":"BreadcrumbList","@id":"https:\/\/parkhotel-lippstadt.de\/contact\/#breadcrumb","itemListElement":[{"@type":"ListItem","position":1,"name":"Startseite","item":"https:\/\/parkhotel-lippstadt.de\/"},{"@type":"ListItem","position":2,"name":"Anfahrt und Kontakt"}]},{"@type":"WebSite","@id":"https:\/\/parkhotel-lippstadt.de\/#website","url":"https:\/\/parkhotel-lippstadt.de\/","name":"","description":"","potentialAction":[{"@type":"SearchAction","target":{"@type":"EntryPoint","urlTemplate":"https:\/\/parkhotel-lippstadt.de\/?s={search_term_string}"},"query-input":{"@type":"PropertyValueSpecification","valueRequired":true,"valueName":"search_term_string"}}],"inLanguage":"en-US"}]}},"jetpack_sharing_enabled":false,"amp_enabled":true,"_links":{"self":[{"href":"https:\/\/parkhotel-lippstadt.de\/en\/wp-json\/wp\/v2\/pages\/8","targetHints":{"allow":["GET"]}}],"collection":[{"href":"https:\/\/parkhotel-lippstadt.de\/en\/wp-json\/wp\/v2\/pages"}],"about":[{"href":"https:\/\/parkhotel-lippstadt.de\/en\/wp-json\/wp\/v2\/types\/page"}],"author":[{"embeddable":true,"href":"https:\/\/parkhotel-lippstadt.de\/en\/wp-json\/wp\/v2\/users\/2"}],"replies":[{"embeddable":true,"href":"https:\/\/parkhotel-lippstadt.de\/en\/wp-json\/wp\/v2\/comments?post=8"}],"version-history":[{"count":18,"href":"https:\/\/parkhotel-lippstadt.de\/en\/wp-json\/wp\/v2\/pages\/8\/revisions"}],"predecessor-version":[{"id":6196,"href":"https:\/\/parkhotel-lippstadt.de\/en\/wp-json\/wp\/v2\/pages\/8\/revisions\/6196"}],"wp:featuredmedia":[{"embeddable":true,"href":"https:\/\/parkhotel-lippstadt.de\/en\/wp-json\/wp\/v2\/media\/392"}],"wp:attachment":[{"href":"https:\/\/parkhotel-lippstadt.de\/en\/wp-json\/wp\/v2\/media?parent=8"}],"curies":[{"name":"wp","href":"https:\/\/api.w.org\/{rel}","templated":true}]}}