{"id":997,"date":"2021-07-06T11:00:40","date_gmt":"2021-07-06T09:00:40","guid":{"rendered":"https:\/\/parkhotel-lippstadt.de\/?page_id=997"},"modified":"2024-10-14T07:35:10","modified_gmt":"2024-10-14T05:35:10","slug":"fruehstueck","status":"publish","type":"page","link":"https:\/\/parkhotel-lippstadt.de\/en\/fruehstueck\/","title":{"rendered":"Breakfast"},"content":{"rendered":"<div id=\"d21-quickbook\" data-d21=\"{'hasHorizontalOrientation':true}\"><\/div>\n\n\n\n<div class=\"wp-block-columns alignfull is-layout-flex wp-container-core-columns-is-layout-28f84493 wp-block-columns-is-layout-flex\">\n<div class=\"wp-block-column is-layout-flow wp-block-column-is-layout-flow\" style=\"flex-basis:100%\">\n<p>Gut ausgeruht erwartet Sie am Morgen ein reichhaltiges Fr\u00fchst\u00fccksbuffet \u2013 ein perfekter Start in den neuen Tag. Dabei erwarten Sie unter anderem verschiedene Kaffeespezialit\u00e4ten, Br\u00f6tchen &amp; Brot, frisch zubereitete Eierspeisen, M\u00fcsli &amp; Cerealien, Wurst- und K\u00e4seaufschnitt, frisches Obst &amp; Gem\u00fcse, verschiedene Saft-Sorten und eine gro\u00dfe Auswahl an Aufstrichen. Die Fr\u00fchst\u00fcckszeiten sind von Montag &#8211; Freitag von 6:30 &#8211; 10:00 Uhr und Samstag &#8211; Sonntag von 7:30 &#8211; 10:00 Uhr.<\/p>\n<\/div>\n<\/div>\n\n\n\n<div class=\"wp-block-columns alignfull is-layout-flex wp-container-core-columns-is-layout-28f84493 wp-block-columns-is-layout-flex\">\n<div class=\"wp-block-column is-layout-flow wp-block-column-is-layout-flow\" style=\"flex-basis:100%\">\n<div class=\"wp-block-columns is-layout-flex wp-container-core-columns-is-layout-28f84493 wp-block-columns-is-layout-flex\">\n<div class=\"wp-block-column is-layout-flow wp-block-column-is-layout-flow\" style=\"flex-basis:100%\">\n<figure class=\"wp-block-gallery has-nested-images columns-default is-cropped wp-block-gallery-1 is-layout-flex wp-block-gallery-is-layout-flex\">\n<figure class=\"wp-block-image size-large\"><img loading=\"lazy\" decoding=\"async\" width=\"1024\" height=\"539\" data-id=\"156\" src=\"https:\/\/parkhotel-lippstadt.de\/wp-content\/uploads\/2020\/08\/fruehstueck5-1024x539.jpg\" alt=\"\" class=\"wp-image-156\" srcset=\"https:\/\/parkhotel-lippstadt.de\/wp-content\/uploads\/2020\/08\/fruehstueck5-1024x539.jpg 1024w, https:\/\/parkhotel-lippstadt.de\/wp-content\/uploads\/2020\/08\/fruehstueck5-300x158.jpg 300w, https:\/\/parkhotel-lippstadt.de\/wp-content\/uploads\/2020\/08\/fruehstueck5-768x404.jpg 768w, https:\/\/parkhotel-lippstadt.de\/wp-content\/uploads\/2020\/08\/fruehstueck5-1536x808.jpg 1536w, https:\/\/parkhotel-lippstadt.de\/wp-content\/uploads\/2020\/08\/fruehstueck5-2048x1078.jpg 2048w, https:\/\/parkhotel-lippstadt.de\/wp-content\/uploads\/2020\/08\/fruehstueck5-1200x632.jpg 1200w, https:\/\/parkhotel-lippstadt.de\/wp-content\/uploads\/2020\/08\/fruehstueck5-1980x1042.jpg 1980w\" sizes=\"auto, (max-width: 1024px) 100vw, 1024px\" \/><\/figure>\n\n\n\n<figure class=\"wp-block-image size-large\"><img loading=\"lazy\" decoding=\"async\" width=\"1024\" height=\"539\" data-id=\"155\" src=\"https:\/\/parkhotel-lippstadt.de\/wp-content\/uploads\/2020\/08\/fruehstueck4-1024x539.jpg\" alt=\"\" class=\"wp-image-155\" srcset=\"https:\/\/parkhotel-lippstadt.de\/wp-content\/uploads\/2020\/08\/fruehstueck4-1024x539.jpg 1024w, https:\/\/parkhotel-lippstadt.de\/wp-content\/uploads\/2020\/08\/fruehstueck4-300x158.jpg 300w, https:\/\/parkhotel-lippstadt.de\/wp-content\/uploads\/2020\/08\/fruehstueck4-768x404.jpg 768w, https:\/\/parkhotel-lippstadt.de\/wp-content\/uploads\/2020\/08\/fruehstueck4-1536x808.jpg 1536w, https:\/\/parkhotel-lippstadt.de\/wp-content\/uploads\/2020\/08\/fruehstueck4-2048x1078.jpg 2048w, https:\/\/parkhotel-lippstadt.de\/wp-content\/uploads\/2020\/08\/fruehstueck4-1200x632.jpg 1200w, https:\/\/parkhotel-lippstadt.de\/wp-content\/uploads\/2020\/08\/fruehstueck4-1980x1042.jpg 1980w\" sizes=\"auto, (max-width: 1024px) 100vw, 1024px\" \/><\/figure>\n\n\n\n<figure class=\"wp-block-image size-large\"><img loading=\"lazy\" decoding=\"async\" width=\"1024\" height=\"768\" data-id=\"999\" src=\"https:\/\/parkhotel-lippstadt.de\/wp-content\/uploads\/2021\/07\/20210629_163952-1024x768.jpg\" alt=\"\" class=\"wp-image-999\" srcset=\"https:\/\/parkhotel-lippstadt.de\/wp-content\/uploads\/2021\/07\/20210629_163952-1024x768.jpg 1024w, https:\/\/parkhotel-lippstadt.de\/wp-content\/uploads\/2021\/07\/20210629_163952-300x225.jpg 300w, https:\/\/parkhotel-lippstadt.de\/wp-content\/uploads\/2021\/07\/20210629_163952-768x576.jpg 768w, https:\/\/parkhotel-lippstadt.de\/wp-content\/uploads\/2021\/07\/20210629_163952-1536x1152.jpg 1536w, https:\/\/parkhotel-lippstadt.de\/wp-content\/uploads\/2021\/07\/20210629_163952-2048x1536.jpg 2048w, https:\/\/parkhotel-lippstadt.de\/wp-content\/uploads\/2021\/07\/20210629_163952-16x12.jpg 16w, https:\/\/parkhotel-lippstadt.de\/wp-content\/uploads\/2021\/07\/20210629_163952-1200x900.jpg 1200w, https:\/\/parkhotel-lippstadt.de\/wp-content\/uploads\/2021\/07\/20210629_163952-800x600.jpg 800w, https:\/\/parkhotel-lippstadt.de\/wp-content\/uploads\/2021\/07\/20210629_163952-400x300.jpg 400w, https:\/\/parkhotel-lippstadt.de\/wp-content\/uploads\/2021\/07\/20210629_163952-200x150.jpg 200w, https:\/\/parkhotel-lippstadt.de\/wp-content\/uploads\/2021\/07\/20210629_163952-1568x1176.jpg 1568w\" sizes=\"auto, (max-width: 1024px) 100vw, 1024px\" \/><\/figure>\n<\/figure>\n<\/div>\n<\/div>\n<\/div>\n<\/div>","protected":false},"excerpt":{"rendered":"<p>Gut ausgeruht erwartet Sie am Morgen ein reichhaltiges Fr\u00fchst\u00fccksbuffet \u2013 ein perfekter Start in den neuen Tag. Dabei erwarten Sie unter anderem verschiedene Kaffeespezialit\u00e4ten, Br\u00f6tchen &amp; Brot, frisch zubereitete Eierspeisen, M\u00fcsli &amp; Cerealien, Wurst- und K\u00e4seaufschnitt, frisches Obst &amp; Gem\u00fcse, verschiedene Saft-Sorten und eine gro\u00dfe Auswahl an Aufstrichen. Die Fr\u00fchst\u00fcckszeiten sind von Montag &#8211; Freitag<a class=\"more-link\" href=\"https:\/\/parkhotel-lippstadt.de\/en\/fruehstueck\/\">Continue reading <span class=\"screen-reader-text\">&#8222;Fr\u00fchst\u00fcck&#8220;<\/span><\/a><\/p>","protected":false},"author":2,"featured_media":0,"parent":0,"menu_order":0,"comment_status":"closed","ping_status":"closed","template":"","meta":{"_coblocks_attr":"","_coblocks_dimensions":"","_coblocks_responsive_height":"","_coblocks_accordion_ie_support":"","footnotes":""},"class_list":["post-997","page","type-page","status-publish","hentry","entry"],"yoast_head":"<!-- This site is optimized with the Yoast SEO plugin v27.3 - https:\/\/yoast.com\/product\/yoast-seo-wordpress\/ -->\n<title>Fr\u00fchst\u00fcck -<\/title>\n<meta name=\"description\" content=\"Reichhaltiges Fr\u00fchst\u00fcck mit Kaffeespezialit\u00e4ten, Br\u00f6tchen &amp; Brot, frisch zubereitete Eierspeisen, M\u00fcsli &amp; Cerealien, u.v.m.\" \/>\n<meta name=\"robots\" content=\"index, follow, max-snippet:-1, max-image-preview:large, max-video-preview:-1\" \/>\n<link rel=\"canonical\" href=\"https:\/\/parkhotel-lippstadt.de\/en\/fruehstueck\/\" \/>\n<meta property=\"og:locale\" content=\"en_US\" \/>\n<meta property=\"og:type\" content=\"article\" \/>\n<meta property=\"og:title\" content=\"Fr\u00fchst\u00fcck -\" \/>\n<meta property=\"og:description\" content=\"Reichhaltiges Fr\u00fchst\u00fcck mit Kaffeespezialit\u00e4ten, Br\u00f6tchen &amp; Brot, frisch zubereitete Eierspeisen, M\u00fcsli &amp; Cerealien, u.v.m.\" \/>\n<meta property=\"og:url\" content=\"https:\/\/parkhotel-lippstadt.de\/en\/fruehstueck\/\" \/>\n<meta property=\"article:modified_time\" content=\"2024-10-14T05:35:10+00:00\" \/>\n<meta property=\"og:image\" content=\"https:\/\/parkhotel-lippstadt.de\/wp-content\/uploads\/2020\/08\/fruehstueck5-scaled.jpg\" \/>\n\t<meta property=\"og:image:width\" content=\"2560\" \/>\n\t<meta property=\"og:image:height\" content=\"1347\" \/>\n\t<meta property=\"og:image:type\" content=\"image\/jpeg\" \/>\n<meta name=\"twitter:card\" content=\"summary_large_image\" \/>\n<meta name=\"twitter:label1\" content=\"Est. reading time\" \/>\n\t<meta name=\"twitter:data1\" content=\"1 minute\" \/>\n<script type=\"application\/ld+json\" class=\"yoast-schema-graph\">{\"@context\":\"https:\\\/\\\/schema.org\",\"@graph\":[{\"@type\":\"WebPage\",\"@id\":\"https:\\\/\\\/parkhotel-lippstadt.de\\\/fruehstueck\\\/\",\"url\":\"https:\\\/\\\/parkhotel-lippstadt.de\\\/fruehstueck\\\/\",\"name\":\"Fr\u00fchst\u00fcck -\",\"isPartOf\":{\"@id\":\"https:\\\/\\\/parkhotel-lippstadt.de\\\/#website\"},\"primaryImageOfPage\":{\"@id\":\"https:\\\/\\\/parkhotel-lippstadt.de\\\/fruehstueck\\\/#primaryimage\"},\"image\":{\"@id\":\"https:\\\/\\\/parkhotel-lippstadt.de\\\/fruehstueck\\\/#primaryimage\"},\"thumbnailUrl\":\"https:\\\/\\\/parkhotel-lippstadt.de\\\/wp-content\\\/uploads\\\/2020\\\/08\\\/fruehstueck5-1024x539.jpg\",\"datePublished\":\"2021-07-06T09:00:40+00:00\",\"dateModified\":\"2024-10-14T05:35:10+00:00\",\"description\":\"Reichhaltiges Fr\u00fchst\u00fcck mit Kaffeespezialit\u00e4ten, Br\u00f6tchen & Brot, frisch zubereitete Eierspeisen, M\u00fcsli & Cerealien, u.v.m.\",\"breadcrumb\":{\"@id\":\"https:\\\/\\\/parkhotel-lippstadt.de\\\/fruehstueck\\\/#breadcrumb\"},\"inLanguage\":\"en-US\",\"potentialAction\":[{\"@type\":\"ReadAction\",\"target\":[\"https:\\\/\\\/parkhotel-lippstadt.de\\\/fruehstueck\\\/\"]}]},{\"@type\":\"ImageObject\",\"inLanguage\":\"en-US\",\"@id\":\"https:\\\/\\\/parkhotel-lippstadt.de\\\/fruehstueck\\\/#primaryimage\",\"url\":\"https:\\\/\\\/parkhotel-lippstadt.de\\\/wp-content\\\/uploads\\\/2020\\\/08\\\/fruehstueck5-1024x539.jpg\",\"contentUrl\":\"https:\\\/\\\/parkhotel-lippstadt.de\\\/wp-content\\\/uploads\\\/2020\\\/08\\\/fruehstueck5-1024x539.jpg\"},{\"@type\":\"BreadcrumbList\",\"@id\":\"https:\\\/\\\/parkhotel-lippstadt.de\\\/fruehstueck\\\/#breadcrumb\",\"itemListElement\":[{\"@type\":\"ListItem\",\"position\":1,\"name\":\"Startseite\",\"item\":\"https:\\\/\\\/parkhotel-lippstadt.de\\\/\"},{\"@type\":\"ListItem\",\"position\":2,\"name\":\"Fr\u00fchst\u00fcck\"}]},{\"@type\":\"WebSite\",\"@id\":\"https:\\\/\\\/parkhotel-lippstadt.de\\\/#website\",\"url\":\"https:\\\/\\\/parkhotel-lippstadt.de\\\/\",\"name\":\"\",\"description\":\"\",\"potentialAction\":[{\"@type\":\"SearchAction\",\"target\":{\"@type\":\"EntryPoint\",\"urlTemplate\":\"https:\\\/\\\/parkhotel-lippstadt.de\\\/?s={search_term_string}\"},\"query-input\":{\"@type\":\"PropertyValueSpecification\",\"valueRequired\":true,\"valueName\":\"search_term_string\"}}],\"inLanguage\":\"en-US\"}]}<\/script>\n<!-- \/ Yoast SEO plugin. -->","yoast_head_json":{"title":"Fr\u00fchst\u00fcck -","description":"Reichhaltiges Fr\u00fchst\u00fcck mit Kaffeespezialit\u00e4ten, Br\u00f6tchen & Brot, frisch zubereitete Eierspeisen, M\u00fcsli & Cerealien, u.v.m.","robots":{"index":"index","follow":"follow","max-snippet":"max-snippet:-1","max-image-preview":"max-image-preview:large","max-video-preview":"max-video-preview:-1"},"canonical":"https:\/\/parkhotel-lippstadt.de\/en\/fruehstueck\/","og_locale":"en_US","og_type":"article","og_title":"Fr\u00fchst\u00fcck -","og_description":"Reichhaltiges Fr\u00fchst\u00fcck mit Kaffeespezialit\u00e4ten, Br\u00f6tchen & Brot, frisch zubereitete Eierspeisen, M\u00fcsli & Cerealien, u.v.m.","og_url":"https:\/\/parkhotel-lippstadt.de\/en\/fruehstueck\/","article_modified_time":"2024-10-14T05:35:10+00:00","og_image":[{"width":2560,"height":1347,"url":"https:\/\/parkhotel-lippstadt.de\/wp-content\/uploads\/2020\/08\/fruehstueck5-scaled.jpg","type":"image\/jpeg"}],"twitter_card":"summary_large_image","twitter_misc":{"Est. reading time":"1 minute"},"schema":{"@context":"https:\/\/schema.org","@graph":[{"@type":"WebPage","@id":"https:\/\/parkhotel-lippstadt.de\/fruehstueck\/","url":"https:\/\/parkhotel-lippstadt.de\/fruehstueck\/","name":"Fr\u00fchst\u00fcck -","isPartOf":{"@id":"https:\/\/parkhotel-lippstadt.de\/#website"},"primaryImageOfPage":{"@id":"https:\/\/parkhotel-lippstadt.de\/fruehstueck\/#primaryimage"},"image":{"@id":"https:\/\/parkhotel-lippstadt.de\/fruehstueck\/#primaryimage"},"thumbnailUrl":"https:\/\/parkhotel-lippstadt.de\/wp-content\/uploads\/2020\/08\/fruehstueck5-1024x539.jpg","datePublished":"2021-07-06T09:00:40+00:00","dateModified":"2024-10-14T05:35:10+00:00","description":"Reichhaltiges Fr\u00fchst\u00fcck mit Kaffeespezialit\u00e4ten, Br\u00f6tchen & Brot, frisch zubereitete Eierspeisen, M\u00fcsli & Cerealien, u.v.m.","breadcrumb":{"@id":"https:\/\/parkhotel-lippstadt.de\/fruehstueck\/#breadcrumb"},"inLanguage":"en-US","potentialAction":[{"@type":"ReadAction","target":["https:\/\/parkhotel-lippstadt.de\/fruehstueck\/"]}]},{"@type":"ImageObject","inLanguage":"en-US","@id":"https:\/\/parkhotel-lippstadt.de\/fruehstueck\/#primaryimage","url":"https:\/\/parkhotel-lippstadt.de\/wp-content\/uploads\/2020\/08\/fruehstueck5-1024x539.jpg","contentUrl":"https:\/\/parkhotel-lippstadt.de\/wp-content\/uploads\/2020\/08\/fruehstueck5-1024x539.jpg"},{"@type":"BreadcrumbList","@id":"https:\/\/parkhotel-lippstadt.de\/fruehstueck\/#breadcrumb","itemListElement":[{"@type":"ListItem","position":1,"name":"Startseite","item":"https:\/\/parkhotel-lippstadt.de\/"},{"@type":"ListItem","position":2,"name":"Fr\u00fchst\u00fcck"}]},{"@type":"WebSite","@id":"https:\/\/parkhotel-lippstadt.de\/#website","url":"https:\/\/parkhotel-lippstadt.de\/","name":"","description":"","potentialAction":[{"@type":"SearchAction","target":{"@type":"EntryPoint","urlTemplate":"https:\/\/parkhotel-lippstadt.de\/?s={search_term_string}"},"query-input":{"@type":"PropertyValueSpecification","valueRequired":true,"valueName":"search_term_string"}}],"inLanguage":"en-US"}]}},"jetpack_sharing_enabled":true,"amp_enabled":true,"_links":{"self":[{"href":"https:\/\/parkhotel-lippstadt.de\/en\/wp-json\/wp\/v2\/pages\/997","targetHints":{"allow":["GET"]}}],"collection":[{"href":"https:\/\/parkhotel-lippstadt.de\/en\/wp-json\/wp\/v2\/pages"}],"about":[{"href":"https:\/\/parkhotel-lippstadt.de\/en\/wp-json\/wp\/v2\/types\/page"}],"author":[{"embeddable":true,"href":"https:\/\/parkhotel-lippstadt.de\/en\/wp-json\/wp\/v2\/users\/2"}],"replies":[{"embeddable":true,"href":"https:\/\/parkhotel-lippstadt.de\/en\/wp-json\/wp\/v2\/comments?post=997"}],"version-history":[{"count":9,"href":"https:\/\/parkhotel-lippstadt.de\/en\/wp-json\/wp\/v2\/pages\/997\/revisions"}],"predecessor-version":[{"id":8800,"href":"https:\/\/parkhotel-lippstadt.de\/en\/wp-json\/wp\/v2\/pages\/997\/revisions\/8800"}],"wp:attachment":[{"href":"https:\/\/parkhotel-lippstadt.de\/en\/wp-json\/wp\/v2\/media?parent=997"}],"curies":[{"name":"wp","href":"https:\/\/api.w.org\/{rel}","templated":true}]}}